{"id":107,"date":"2016-01-21T18:06:20","date_gmt":"2016-01-21T17:06:20","guid":{"rendered":"http:\/\/softlights.com\/store\/?page_id=107"},"modified":"2020-12-01T16:52:35","modified_gmt":"2020-12-01T15:52:35","slug":"rubans-led","status":"publish","type":"page","link":"http:\/\/softlights.com\/fr\/rubans-led\/","title":{"rendered":"LED rubans"},"content":{"rendered":"<table style=\"height: 139px;\" border=\"0\" width=\"489\" cellspacing=\"0\"><colgroup width=\"189\"><\/colgroup> <colgroup width=\"125\"><\/colgroup> <colgroup width=\"86\"><\/colgroup>\n<tbody>\n<tr>\n<td align=\"LEFT\" height=\"17\">Serie SOFTLIGHTS CLASSIC<\/td>\n<td align=\"LEFT\">120led\/m\u00a0 CRI 98<\/td>\n<td align=\"LEFT\">\u00a0<\/td>\n<\/tr>\n<tr>\n<td align=\"LEFT\" height=\"17\">12 V ou 24 V<\/td>\n<td align=\"LEFT\">DIMMABLE<\/td>\n<td align=\"LEFT\">2200 K<\/td>\n<\/tr>\n<tr>\n<td align=\"LEFT\" height=\"17\">12 V ou 24 V<\/td>\n<td align=\"LEFT\">DIMMABLE<\/td>\n<td align=\"LEFT\">5600 K<\/td>\n<\/tr>\n<tr>\n<td>Serie SOFTLIGHTS BICOLOR<\/td>\n<td>\u00a0<\/td>\n<td>\u00a0<\/td>\n<\/tr>\n<tr>\n<td>12 V ou 24 V<\/td>\n<td>DIMMABLE<\/td>\n<td>2200-6500K<\/td>\n<\/tr>\n<\/tbody>\n<\/table>\n<table style=\"height: 152px; width: 100%;\" border=\"0\" width=\"490\" cellspacing=\"0\"><colgroup width=\"189\"><\/colgroup> <colgroup width=\"125\"><\/colgroup> <colgroup width=\"86\"><\/colgroup>\n<tbody>\n<tr style=\"height: 38px;\">\n<td style=\"height: 38px;\" align=\"LEFT\" height=\"17\">AUTRES PRODUITS<\/td>\n<td style=\"height: 38px;\" align=\"LEFT\">RUBANS<\/td>\n<td style=\"height: 38px;\" align=\"LEFT\">RGBWW<\/td>\n<\/tr>\n<tr style=\"height: 38px;\">\n<td style=\"height: 38px;\" align=\"LEFT\" height=\"17\">\u00a0<\/td>\n<td style=\"height: 38px;\" align=\"LEFT\">\u00a0<\/td>\n<td style=\"height: 38px;\" align=\"LEFT\">\u00a0<\/td>\n<\/tr>\n<tr style=\"height: 38px;\">\n<td style=\"height: 38px;\" align=\"LEFT\" height=\"17\">SOFTLIGHTS ULTRA BULBS<\/td>\n<td style=\"height: 38px;\" align=\"LEFT\">E27<\/td>\n<td style=\"height: 38px;\" align=\"LEFT\">3200K<\/td>\n<\/tr>\n<tr style=\"height: 38px;\">\n<td style=\"height: 38px;\" align=\"LEFT\" height=\"17\">\u00a0<\/td>\n<td style=\"height: 38px;\" align=\"LEFT\">\u00a0<\/td>\n<td style=\"height: 38px;\" align=\"LEFT\">5600K<\/td>\n<\/tr>\n<\/tbody>\n<\/table>\n\n\n<p>DIMMERS Constant Voltage<br \/>Single dimmer 12\/24<br \/>Dual Dimmer 12\/24<br \/>5 CHANEL DMX DIMMER 12\/24 V<\/p>\n\n\n\n<h2 class=\"rich-text block-editor-rich-text__editable wp-block-heading\">Serie CLASSIC<\/h2>\n\n\n\n<p>\u00a0\u00a0 Le LED en bande destin\u00e9 aux professionnels de la prise de vue qui souhaitent b\u00e9n\u00e9ficier d&rsquo;une excellente qualit\u00e9 chromatique tout en conservant un prix attractif. Sans compromis sur la qualit\u00e9 (RA 95 * et DUV 0,001*), et d\u00e9clin\u00e9es en 3 temp\u00e9ratures de couleur (3000\u00b0K, 3800\u00b0K, 5400\u00b0K), ces bandes peuvent aussi bien servir \u00e0 int\u00e9grer de la lumi\u00e8re de qualit\u00e9 sur des d\u00e9cors que fabriquer ses propres solutions d&rsquo;\u00e9clairage ultra l\u00e9g\u00e8res.<br \/>En additionnant les LED CLASSIC aux LED ULTRA, on tire le meilleur parti des deux technologies pour cr\u00e9er des projecteurs hybrides puissants au rendu de couleur in\u00e9gal\u00e9.<\/p>\n<p>Spectre colorim\u00e9trique LED CLASSIC 5600K<a href=\"http:\/\/softlights.com\/fr\/wp-content\/uploads\/sites\/9\/2016\/02\/56-Classic.jpg\" rel=\"attachment wp-att-210\"><img loading=\"lazy\" decoding=\"async\" class=\"wp-image-210 aligncenter\" src=\"http:\/\/softlights.com\/fr\/wp-content\/uploads\/sites\/9\/2016\/02\/56-Classic.jpg\" alt=\"spectre LED 56 Classic\" width=\"393\" height=\"282\" srcset=\"http:\/\/softlights.com\/fr\/wp-content\/uploads\/sites\/9\/2016\/02\/56-Classic.jpg 1756w, http:\/\/softlights.com\/fr\/wp-content\/uploads\/sites\/9\/2016\/02\/56-Classic-300x215.jpg 300w, http:\/\/softlights.com\/fr\/wp-content\/uploads\/sites\/9\/2016\/02\/56-Classic-768x551.jpg 768w, http:\/\/softlights.com\/fr\/wp-content\/uploads\/sites\/9\/2016\/02\/56-Classic-1024x734.jpg 1024w\" sizes=\"auto, (max-width: 393px) 100vw, 393px\" \/><\/a><\/p>\n<p>5600K\u00a0 Ra 96\u00a0 Duv 0,00328\u00a0 400 Lux \u00e0 1m<br \/>3800K\u00a0 Ra 96,7 Duv 0,00250 430 Lux \u00e0 1m<br \/>3200K\u00a0 Ra 94,8 Duv 0,00027 400 Lux \u00e0 1m<br \/>Bicolor\u00a0 2700K + 6500K<\/p>\n<p>15 W \/m\u00e8tre\u00a0\u00a0\u00a0 120 led \/m\u00e8tre\u00a0 1800 lumens 12 vdc.<br \/>Compatible Softlights LEDIMMER, batterie et transformateur standard.<\/p>\n\n\n\n<h2 class=\"rich-text block-editor-rich-text__editable wp-block-heading\">Serie ULTRA<\/h2>\n\n\n\n<p>\u00a0\u00a0 Le LED d\u2019une qualit\u00e9 remarquable au spectre tr\u00e8s large incluant l\u2019ultraviolet proche. Il agit sur les peaux exactement comme le fait la lumi\u00e8re du jour naturelle. Les LED ULTRA s\u2019accordent parfaitement avec toutes les sources \u00e9lectriques (HMI, Fluo Halog\u00e8ne\u2026). M\u00eame en basse lumi\u00e8re, avec les lampes incandescentes, des bougies, ou le feu, l\u2019effet est sensationnel. Gr\u00e2ce \u00e0 leur parfaite colorim\u00e9trie leur utilisation vise l\u2019excellence en toutes situations.<br \/>La gamme de LED ULTRA \u00e9quipe d\u00e9sormais nos DOIGT DE FEE \u2013 LED et le PUNKT.<\/p>\n<p>Spectre colorim\u00e9trique des LED ULTRA 5600K<a href=\"http:\/\/softlights.com\/fr\/wp-content\/uploads\/sites\/9\/2016\/02\/56-ultra.jpg\" rel=\"attachment wp-att-205\"><img loading=\"lazy\" decoding=\"async\" class=\"wp-image-205 aligncenter\" src=\"http:\/\/softlights.com\/fr\/wp-content\/uploads\/sites\/9\/2016\/02\/56-ultra.jpg\" alt=\"LED 56 ULTRA\" width=\"344\" height=\"245\" srcset=\"http:\/\/softlights.com\/fr\/wp-content\/uploads\/sites\/9\/2016\/02\/56-ultra.jpg 1753w, http:\/\/softlights.com\/fr\/wp-content\/uploads\/sites\/9\/2016\/02\/56-ultra-300x214.jpg 300w, http:\/\/softlights.com\/fr\/wp-content\/uploads\/sites\/9\/2016\/02\/56-ultra-768x547.jpg 768w, http:\/\/softlights.com\/fr\/wp-content\/uploads\/sites\/9\/2016\/02\/56-ultra-1024x729.jpg 1024w\" sizes=\"auto, (max-width: 344px) 100vw, 344px\" \/><\/a><\/p>\n<p>5600K\u00a0 Ra 98\u00a0 Duv 0,00511\u00a0 330 Lux \u00e0 1m<br \/>3800K\u00a0 Ra 97\u00a0 Duv 0,00453\u00a0 240 Lux \u00e0 1m<br \/>3200K Ra 96.9 Duv 0,00146\u00a0 280 Lux \u00e0 1m<\/p>\n<p>12 W \/m\u00e8tre\u00a0\u00a0\u00a0 60 led \/m\u00e8tre 1800 lumens 12 vdc.<br \/>Compatible Softlights LEDIMMER, batterie et transformateur standard.<\/p>\n<p>\u00a0<\/p>\n","protected":false},"excerpt":{"rendered":"<p>Serie SOFTLIGHTS CLASSIC 120led\/m\u00a0 CRI 98 \u00a0 12 V ou 24 V DIMMABLE 2200 K 12 V ou 24 V DIMMABLE 5600 K Serie SOFTLIGHTS BICOLOR \u00a0 \u00a0 12 V ou 24 V DIMMABLE 2200-6500K AUTRES PRODUITS RUBANS RGBWW \u00a0 \u00a0 \u00a0 SOFTLIGHTS ULTRA BULBS E27 3200K \u00a0 \u00a0 5600K DIMMERS Constant VoltageSingle dimmer 12\/24Dual&hellip; <br \/> <a class=\"read-more\" href=\"http:\/\/softlights.com\/fr\/rubans-led\/\">Lire la suite<\/a><\/p>\n","protected":false},"author":1,"featured_media":400,"parent":0,"menu_order":0,"comment_status":"closed","ping_status":"closed","template":"","meta":{"footnotes":""},"class_list":["post-107","page","type-page","status-publish","has-post-thumbnail","hentry"],"yoast_head":"<!-- This site is optimized with the Yoast SEO plugin v14.3 - https:\/\/yoast.com\/wordpress\/plugins\/seo\/ -->\n<title>LED rubans - SOFTLIGHTS<\/title>\n<meta name=\"robots\" content=\"index, follow\" \/>\n<meta name=\"googlebot\" content=\"index, follow, max-snippet:-1, max-image-preview:large, max-video-preview:-1\" \/>\n<meta name=\"bingbot\" content=\"index, follow, max-snippet:-1, max-image-preview:large, max-video-preview:-1\" \/>\n<link rel=\"canonical\" href=\"http:\/\/softlights.com\/fr\/rubans-led\/\" \/>\n<meta property=\"og:locale\" content=\"fr_FR\" \/>\n<meta property=\"og:type\" content=\"article\" \/>\n<meta property=\"og:title\" content=\"LED rubans - SOFTLIGHTS\" \/>\n<meta property=\"og:description\" content=\"Serie SOFTLIGHTS CLASSIC 120led\/m\u00a0 CRI 98 \u00a0 12 V ou 24 V DIMMABLE 2200 K 12 V ou 24 V DIMMABLE 5600 K Serie SOFTLIGHTS BICOLOR \u00a0 \u00a0 12 V ou 24 V DIMMABLE 2200-6500K AUTRES PRODUITS RUBANS RGBWW \u00a0 \u00a0 \u00a0 SOFTLIGHTS ULTRA BULBS E27 3200K \u00a0 \u00a0 5600K DIMMERS Constant VoltageSingle dimmer 12\/24Dual&hellip; Lire la suite\" \/>\n<meta property=\"og:url\" content=\"http:\/\/softlights.com\/fr\/rubans-led\/\" \/>\n<meta property=\"og:site_name\" content=\"SOFTLIGHTS\" \/>\n<meta property=\"article:modified_time\" content=\"2020-12-01T15:52:35+00:00\" \/>\n<meta property=\"og:image\" content=\"http:\/\/softlights.com\/fr\/wp-content\/uploads\/sites\/9\/2016\/01\/ULTRA-bicolour2.jpg\" \/>\n\t<meta property=\"og:image:width\" content=\"1343\" \/>\n\t<meta property=\"og:image:height\" content=\"255\" \/>\n<meta name=\"twitter:card\" content=\"summary\" \/>\n<script type=\"application\/ld+json\" class=\"yoast-schema-graph\">{\"@context\":\"https:\/\/schema.org\",\"@graph\":[{\"@type\":\"WebSite\",\"@id\":\"http:\/\/softlights.com\/fr\/#website\",\"url\":\"http:\/\/softlights.com\/fr\/\",\"name\":\"SOFTLIGHTS\",\"description\":\"wireless lighting and custom solutions\",\"potentialAction\":[{\"@type\":\"SearchAction\",\"target\":\"http:\/\/softlights.com\/fr\/?s={search_term_string}\",\"query-input\":\"required name=search_term_string\"}],\"inLanguage\":\"fr-FR\"},{\"@type\":\"ImageObject\",\"@id\":\"http:\/\/softlights.com\/fr\/rubans-led\/#primaryimage\",\"inLanguage\":\"fr-FR\",\"url\":\"http:\/\/softlights.com\/fr\/wp-content\/uploads\/sites\/9\/2016\/01\/ULTRA-bicolour2.jpg\",\"width\":1343,\"height\":255},{\"@type\":\"WebPage\",\"@id\":\"http:\/\/softlights.com\/fr\/rubans-led\/#webpage\",\"url\":\"http:\/\/softlights.com\/fr\/rubans-led\/\",\"name\":\"LED rubans - SOFTLIGHTS\",\"isPartOf\":{\"@id\":\"http:\/\/softlights.com\/fr\/#website\"},\"primaryImageOfPage\":{\"@id\":\"http:\/\/softlights.com\/fr\/rubans-led\/#primaryimage\"},\"datePublished\":\"2016-01-21T17:06:20+00:00\",\"dateModified\":\"2020-12-01T15:52:35+00:00\",\"inLanguage\":\"fr-FR\",\"potentialAction\":[{\"@type\":\"ReadAction\",\"target\":[\"http:\/\/softlights.com\/fr\/rubans-led\/\"]}]}]}<\/script>\n<!-- \/ Yoast SEO plugin. -->","_links":{"self":[{"href":"http:\/\/softlights.com\/fr\/wp-json\/wp\/v2\/pages\/107","targetHints":{"allow":["GET"]}}],"collection":[{"href":"http:\/\/softlights.com\/fr\/wp-json\/wp\/v2\/pages"}],"about":[{"href":"http:\/\/softlights.com\/fr\/wp-json\/wp\/v2\/types\/page"}],"author":[{"embeddable":true,"href":"http:\/\/softlights.com\/fr\/wp-json\/wp\/v2\/users\/1"}],"replies":[{"embeddable":true,"href":"http:\/\/softlights.com\/fr\/wp-json\/wp\/v2\/comments?post=107"}],"version-history":[{"count":11,"href":"http:\/\/softlights.com\/fr\/wp-json\/wp\/v2\/pages\/107\/revisions"}],"predecessor-version":[{"id":658,"href":"http:\/\/softlights.com\/fr\/wp-json\/wp\/v2\/pages\/107\/revisions\/658"}],"wp:featuredmedia":[{"embeddable":true,"href":"http:\/\/softlights.com\/fr\/wp-json\/wp\/v2\/media\/400"}],"wp:attachment":[{"href":"http:\/\/softlights.com\/fr\/wp-json\/wp\/v2\/media?parent=107"}],"curies":[{"name":"wp","href":"https:\/\/api.w.org\/{rel}","templated":true}]}}