{"id":1111,"date":"2023-10-04T14:44:18","date_gmt":"2023-10-04T13:44:18","guid":{"rendered":"https:\/\/softlights.com\/fr\/?page_id=1111"},"modified":"2025-06-11T16:00:35","modified_gmt":"2025-06-11T15:00:35","slug":"lighting-design","status":"publish","type":"page","link":"http:\/\/softlights.com\/fr\/lighting-design\/","title":{"rendered":"LIGHTING DESIGN"},"content":{"rendered":"\n<h3 style=\"text-align: center;\">conseils techniques et esth\u00e9tiques, \u00e9quipement et installation<\/h3>\n<p style=\"text-align: center;\">UNE SOLUTION POUR CHAQUE BESOIN<\/p>\n\n\n\n<div class=\"wp-block-buttons is-content-justification-center is-layout-flex wp-container-core-buttons-is-layout-16018d1d wp-block-buttons-is-layout-flex\">\n<div class=\"wp-block-button\"><a class=\"wp-block-button__link wp-element-button\" href=\"https:\/\/softlightsplus.com\/\">lire plus<\/a><\/div>\n<\/div>\n\n\n\n<div class=\"wp-block-columns is-layout-flex wp-container-core-columns-is-layout-9d6595d7 wp-block-columns-is-layout-flex\">\n<div class=\"wp-block-column is-layout-flow wp-block-column-is-layout-flow\"><div class=\"wp-block-image\">\n<figure class=\"aligncenter size-large is-resized\"><a href=\"https:\/\/softlights.com\/fr\/wireless-lighting-control-casambi\/\" rel=\"https:\/\/softlights.com\/fr\/wireless-lighting-control-casambi\/\"><img loading=\"lazy\" decoding=\"async\" width=\"1024\" height=\"709\" src=\"https:\/\/softlights.com\/fr\/wp-content\/uploads\/sites\/9\/2023\/10\/Capture-decran-2023-10-04-a-15.37.29-1024x709.png\" alt=\"\" class=\"wp-image-1112\" style=\"width:429px;height:297px\" srcset=\"http:\/\/softlights.com\/fr\/wp-content\/uploads\/sites\/9\/2023\/10\/Capture-decran-2023-10-04-a-15.37.29-1024x709.png 1024w, http:\/\/softlights.com\/fr\/wp-content\/uploads\/sites\/9\/2023\/10\/Capture-decran-2023-10-04-a-15.37.29-300x208.png 300w, http:\/\/softlights.com\/fr\/wp-content\/uploads\/sites\/9\/2023\/10\/Capture-decran-2023-10-04-a-15.37.29-768x532.png 768w, http:\/\/softlights.com\/fr\/wp-content\/uploads\/sites\/9\/2023\/10\/Capture-decran-2023-10-04-a-15.37.29-600x416.png 600w, http:\/\/softlights.com\/fr\/wp-content\/uploads\/sites\/9\/2023\/10\/Capture-decran-2023-10-04-a-15.37.29.png 1262w\" sizes=\"auto, (max-width: 1024px) 100vw, 1024px\" \/><\/a><figcaption class=\"wp-element-caption\"><a href=\"https:\/\/softlights.com\/fr\/wireless-lighting-control-casambi\/\">wireless lighting control \/ Casambi<\/a><\/figcaption><\/figure>\n<\/div><\/div>\n\n\n\n<div class=\"wp-block-column is-layout-flow wp-block-column-is-layout-flow\"><div class=\"wp-block-image\">\n<figure class=\"aligncenter size-large is-resized\"><a href=\"https:\/\/softlights.com\/fr\/creative-lighting-gallery\/\"><img loading=\"lazy\" decoding=\"async\" width=\"1024\" height=\"770\" src=\"https:\/\/softlights.com\/fr\/wp-content\/uploads\/sites\/9\/2023\/10\/Capture-decran-2023-10-04-a-15.37.36-1024x770.png\" alt=\"\" class=\"wp-image-1113\" style=\"width:394px;height:296px\" srcset=\"http:\/\/softlights.com\/fr\/wp-content\/uploads\/sites\/9\/2023\/10\/Capture-decran-2023-10-04-a-15.37.36-1024x770.png 1024w, http:\/\/softlights.com\/fr\/wp-content\/uploads\/sites\/9\/2023\/10\/Capture-decran-2023-10-04-a-15.37.36-300x226.png 300w, http:\/\/softlights.com\/fr\/wp-content\/uploads\/sites\/9\/2023\/10\/Capture-decran-2023-10-04-a-15.37.36-768x578.png 768w, http:\/\/softlights.com\/fr\/wp-content\/uploads\/sites\/9\/2023\/10\/Capture-decran-2023-10-04-a-15.37.36-600x451.png 600w, http:\/\/softlights.com\/fr\/wp-content\/uploads\/sites\/9\/2023\/10\/Capture-decran-2023-10-04-a-15.37.36.png 1178w\" sizes=\"auto, (max-width: 1024px) 100vw, 1024px\" \/><\/a><figcaption class=\"wp-element-caption\"><a href=\"https:\/\/softlights.com\/fr\/creative-lighting-gallery\/\">creative lighting gallery<\/a><\/figcaption><\/figure>\n<\/div><\/div>\n<\/div>\n\n\n\n<h6 class=\"wp-block-heading\"><\/h6>\n\n\n\n<div class=\"wp-block-buttons is-content-justification-center is-layout-flex wp-container-core-buttons-is-layout-16018d1d wp-block-buttons-is-layout-flex\">\n<div class=\"wp-block-button\"><a class=\"wp-block-button__link wp-element-button\" href=\"https:\/\/softlightsplus.com\/\">en savoir plus<\/a><\/div>\n<\/div>\n\n\n\n<h3 class=\"wp-block-heading has-text-align-center\">&#8211;<\/h3>\n\n\n\n<h2 class=\"wp-block wp-block-kubio-heading  position-relative wp-block-kubio-heading__text style-oepl0-66B-text style-local-37-text\" style=\"text-align: center;\" data-kubio=\"kubio\/heading\"><span style=\"color: #000080;\">conception de l\u2019\u00e9clairage de haute qualit\u00e9 et de haute pr\u00e9cision<\/span><\/h2>\n\n\n\n<p>\u00a0<\/p>\n<h3 style=\"text-align: center;\">expertise, \u00e9quipement et installation<br \/>cr\u00e9ations lumineuses sur mesure<br \/>conception de luminaires<br \/>sc\u00e9nographie<br \/>r\u00e9tro\u00e9clairage \u2013 light box \u2013 vitraux<\/h3>\n\n\n\n<p>\u00a0<\/p>\n<p>\u00a0<\/p>\n\n\n\n<div class=\"wp-block-buttons is-content-justification-center is-layout-flex wp-container-core-buttons-is-layout-16018d1d wp-block-buttons-is-layout-flex\">\n<div class=\"wp-block-button\"><a class=\"wp-block-button__link wp-element-button\" href=\"https:\/\/softlightsplus.com\/index.php\/contact-3\/\">contactez-nous<\/a><\/div>\n<\/div>\n\n\n","protected":false},"excerpt":{"rendered":"<p>conseils techniques et esth\u00e9tiques, \u00e9quipement et installation UNE SOLUTION POUR CHAQUE BESOIN &#8211; conception de l\u2019\u00e9clairage de haute qualit\u00e9 et de haute pr\u00e9cision \u00a0 expertise, \u00e9quipement et installationcr\u00e9ations lumineuses sur mesureconception de luminairessc\u00e9nographier\u00e9tro\u00e9clairage \u2013 light box \u2013 vitraux \u00a0 \u00a0<\/p>\n","protected":false},"author":1,"featured_media":0,"parent":0,"menu_order":0,"comment_status":"closed","ping_status":"closed","template":"","meta":{"footnotes":""},"class_list":["post-1111","page","type-page","status-publish","hentry"],"yoast_head":"<!-- This site is optimized with the Yoast SEO plugin v14.3 - https:\/\/yoast.com\/wordpress\/plugins\/seo\/ -->\n<title>LIGHTING DESIGN - SOFTLIGHTS<\/title>\n<meta name=\"description\" content=\"\u00e9clairage professionnel pour cin\u00e9ma, TV, photographie, wireless lighting, \u00e9clairage sur mesure\" \/>\n<meta name=\"robots\" content=\"index, follow\" \/>\n<meta name=\"googlebot\" content=\"index, follow, max-snippet:-1, max-image-preview:large, max-video-preview:-1\" \/>\n<meta name=\"bingbot\" content=\"index, follow, max-snippet:-1, max-image-preview:large, max-video-preview:-1\" \/>\n<link rel=\"canonical\" href=\"https:\/\/softlights.com\/fr\/lighting-design\/\" \/>\n<meta property=\"og:locale\" content=\"fr_FR\" \/>\n<meta property=\"og:type\" content=\"article\" \/>\n<meta property=\"og:title\" content=\"LIGHTING DESIGN - SOFTLIGHTS\" \/>\n<meta property=\"og:description\" content=\"\u00e9clairage professionnel pour cin\u00e9ma, TV, photographie, wireless lighting, \u00e9clairage sur mesure\" \/>\n<meta property=\"og:url\" content=\"https:\/\/softlights.com\/fr\/lighting-design\/\" \/>\n<meta property=\"og:site_name\" content=\"SOFTLIGHTS\" \/>\n<meta property=\"article:modified_time\" content=\"2025-06-11T15:00:35+00:00\" \/>\n<meta property=\"og:image\" content=\"https:\/\/softlights.com\/fr\/wp-content\/uploads\/sites\/9\/2023\/10\/Capture-decran-2023-10-04-a-15.37.29-1024x709.png\" \/>\n<meta name=\"twitter:card\" content=\"summary\" \/>\n<script type=\"application\/ld+json\" class=\"yoast-schema-graph\">{\"@context\":\"https:\/\/schema.org\",\"@graph\":[{\"@type\":\"WebSite\",\"@id\":\"http:\/\/softlights.com\/fr\/#website\",\"url\":\"http:\/\/softlights.com\/fr\/\",\"name\":\"SOFTLIGHTS\",\"description\":\"wireless lighting and custom solutions\",\"potentialAction\":[{\"@type\":\"SearchAction\",\"target\":\"http:\/\/softlights.com\/fr\/?s={search_term_string}\",\"query-input\":\"required name=search_term_string\"}],\"inLanguage\":\"fr-FR\"},{\"@type\":\"ImageObject\",\"@id\":\"https:\/\/softlights.com\/fr\/lighting-design\/#primaryimage\",\"inLanguage\":\"fr-FR\",\"url\":\"https:\/\/softlights.com\/fr\/wp-content\/uploads\/sites\/9\/2023\/10\/Capture-decran-2023-10-04-a-15.37.29-1024x709.png\"},{\"@type\":\"WebPage\",\"@id\":\"https:\/\/softlights.com\/fr\/lighting-design\/#webpage\",\"url\":\"https:\/\/softlights.com\/fr\/lighting-design\/\",\"name\":\"LIGHTING DESIGN - SOFTLIGHTS\",\"isPartOf\":{\"@id\":\"http:\/\/softlights.com\/fr\/#website\"},\"primaryImageOfPage\":{\"@id\":\"https:\/\/softlights.com\/fr\/lighting-design\/#primaryimage\"},\"datePublished\":\"2023-10-04T13:44:18+00:00\",\"dateModified\":\"2025-06-11T15:00:35+00:00\",\"description\":\"\\u00e9clairage professionnel pour cin\\u00e9ma, TV, photographie, wireless lighting, \\u00e9clairage sur mesure\",\"inLanguage\":\"fr-FR\",\"potentialAction\":[{\"@type\":\"ReadAction\",\"target\":[\"https:\/\/softlights.com\/fr\/lighting-design\/\"]}]}]}<\/script>\n<!-- \/ Yoast SEO plugin. -->","_links":{"self":[{"href":"http:\/\/softlights.com\/fr\/wp-json\/wp\/v2\/pages\/1111","targetHints":{"allow":["GET"]}}],"collection":[{"href":"http:\/\/softlights.com\/fr\/wp-json\/wp\/v2\/pages"}],"about":[{"href":"http:\/\/softlights.com\/fr\/wp-json\/wp\/v2\/types\/page"}],"author":[{"embeddable":true,"href":"http:\/\/softlights.com\/fr\/wp-json\/wp\/v2\/users\/1"}],"replies":[{"embeddable":true,"href":"http:\/\/softlights.com\/fr\/wp-json\/wp\/v2\/comments?post=1111"}],"version-history":[{"count":25,"href":"http:\/\/softlights.com\/fr\/wp-json\/wp\/v2\/pages\/1111\/revisions"}],"predecessor-version":[{"id":1814,"href":"http:\/\/softlights.com\/fr\/wp-json\/wp\/v2\/pages\/1111\/revisions\/1814"}],"wp:attachment":[{"href":"http:\/\/softlights.com\/fr\/wp-json\/wp\/v2\/media?parent=1111"}],"curies":[{"name":"wp","href":"https:\/\/api.w.org\/{rel}","templated":true}]}}