{"id":1036,"date":"2023-01-25T16:41:57","date_gmt":"2023-01-25T15:41:57","guid":{"rendered":"https:\/\/softlights.com\/fr\/?page_id=1036"},"modified":"2026-02-03T14:47:13","modified_gmt":"2026-02-03T13:47:13","slug":"punkt","status":"publish","type":"page","link":"https:\/\/softlights.com\/fr\/punkt\/","title":{"rendered":"PUNKT"},"content":{"rendered":"\n<p style=\"text-align: center;\"><span lang=\"fr-FR\">projecteur fresnel miniature bicolor pour cin\u00e9ma &amp; tv &amp; photographie &amp; light-design <\/span><\/p>\n\n\n<div class=\"wp-block-image\">\n<figure class=\"aligncenter size-full is-resized\"><a href=\"http:\/\/softlights.com\/fr\/wp-content\/uploads\/sites\/9\/2026\/02\/logo-PUNKT-2026.jpg\"><img loading=\"lazy\" decoding=\"async\" width=\"832\" height=\"309\" src=\"http:\/\/softlights.com\/fr\/wp-content\/uploads\/sites\/9\/2026\/02\/logo-PUNKT-2026.jpg\" alt=\"\" class=\"wp-image-2172\" style=\"width:520px;height:auto\" srcset=\"https:\/\/softlights.com\/fr\/wp-content\/uploads\/sites\/9\/2026\/02\/logo-PUNKT-2026.jpg 832w, https:\/\/softlights.com\/fr\/wp-content\/uploads\/sites\/9\/2026\/02\/logo-PUNKT-2026-300x111.jpg 300w, https:\/\/softlights.com\/fr\/wp-content\/uploads\/sites\/9\/2026\/02\/logo-PUNKT-2026-768x285.jpg 768w, https:\/\/softlights.com\/fr\/wp-content\/uploads\/sites\/9\/2026\/02\/logo-PUNKT-2026-600x223.jpg 600w\" sizes=\"auto, (max-width: 832px) 100vw, 832px\" \/><\/a><\/figure>\n<\/div>\n\n<div class=\"wp-block-image\">\n<figure class=\"aligncenter is-resized\" id=\"block-1a6e4de4-8e18-404c-b97a-d3f18024bebd\"><img decoding=\"async\" src=\"https:\/\/softlights.com\/wp-content\/uploads\/2023\/01\/PUNKT-1024x841.jpg\" alt=\"This image has an empty alt attribute; its file name is PUNKT-1024x841.jpg\" style=\"width:508px;height:auto\"\/><\/figure>\n<\/div>\n\n\n<p class=\"has-text-align-center\"><sup><sub>LED Cluster 6 Watts Daylight et Tungsten<br>DIMENSIONS 3 x 3,5 cm<br>Lentille Fresnel haut de gamme, diam\u00e8tre 3 cm<br>DRIVER\/DIMMER constant current 12V, 5W<br>FIXATION Lyre thread 5\/8 and flexible rod<br>IRC 97<\/sub><\/sup><\/p>\n\n\n<div class=\"wp-block-image\">\n<figure class=\"aligncenter is-resized\"><img loading=\"lazy\" decoding=\"async\" width=\"675\" height=\"1024\" src=\"https:\/\/softlights.com\/fr\/wp-content\/uploads\/sites\/9\/2023\/01\/Capture-decran-2023-01-24-a-12.58.17-675x1024.png\" alt=\"\" class=\"wp-image-1054\" style=\"aspect-ratio:0.6596685082872928;width:480px;height:auto\" srcset=\"https:\/\/softlights.com\/fr\/wp-content\/uploads\/sites\/9\/2023\/01\/Capture-decran-2023-01-24-a-12.58.17-675x1024.png 675w, https:\/\/softlights.com\/fr\/wp-content\/uploads\/sites\/9\/2023\/01\/Capture-decran-2023-01-24-a-12.58.17-198x300.png 198w, https:\/\/softlights.com\/fr\/wp-content\/uploads\/sites\/9\/2023\/01\/Capture-decran-2023-01-24-a-12.58.17-768x1165.png 768w, https:\/\/softlights.com\/fr\/wp-content\/uploads\/sites\/9\/2023\/01\/Capture-decran-2023-01-24-a-12.58.17-600x910.png 600w, https:\/\/softlights.com\/fr\/wp-content\/uploads\/sites\/9\/2023\/01\/Capture-decran-2023-01-24-a-12.58.17.png 786w\" sizes=\"auto, (max-width: 675px) 100vw, 675px\" \/><\/figure>\n<\/div>\n\n\n<div style=\"height:26px\" aria-hidden=\"true\" class=\"wp-block-spacer\"><\/div>\n\n\n<div class=\"wp-block-image\">\n<figure class=\"aligncenter size-large is-resized\"><a href=\"https:\/\/softlights.com\/fr\/wp-content\/uploads\/sites\/9\/2023\/01\/Capture-decran-2023-01-24-a-12.58.09.png\"><img loading=\"lazy\" decoding=\"async\" width=\"679\" height=\"1024\" src=\"https:\/\/softlights.com\/fr\/wp-content\/uploads\/sites\/9\/2023\/01\/Capture-decran-2023-01-24-a-12.58.09-679x1024.png\" alt=\"\" class=\"wp-image-1055\" style=\"aspect-ratio:0.6636466591166478;width:474px;height:auto\" srcset=\"https:\/\/softlights.com\/fr\/wp-content\/uploads\/sites\/9\/2023\/01\/Capture-decran-2023-01-24-a-12.58.09-679x1024.png 679w, https:\/\/softlights.com\/fr\/wp-content\/uploads\/sites\/9\/2023\/01\/Capture-decran-2023-01-24-a-12.58.09-199x300.png 199w, https:\/\/softlights.com\/fr\/wp-content\/uploads\/sites\/9\/2023\/01\/Capture-decran-2023-01-24-a-12.58.09-768x1159.png 768w, https:\/\/softlights.com\/fr\/wp-content\/uploads\/sites\/9\/2023\/01\/Capture-decran-2023-01-24-a-12.58.09-600x905.png 600w, https:\/\/softlights.com\/fr\/wp-content\/uploads\/sites\/9\/2023\/01\/Capture-decran-2023-01-24-a-12.58.09.png 802w\" sizes=\"auto, (max-width: 679px) 100vw, 679px\" \/><\/a><\/figure>\n<\/div>\n\n","protected":false},"excerpt":{"rendered":"<p>projecteur fresnel miniature bicolor pour cin\u00e9ma &amp; tv &amp; photographie &amp; light-design LED Cluster 6 Watts Daylight et TungstenDIMENSIONS 3 x 3,5 cmLentille Fresnel haut de gamme, diam\u00e8tre 3 cmDRIVER\/DIMMER constant current 12V, 5WFIXATION Lyre thread 5\/8 and flexible rodIRC 97<\/p>\n","protected":false},"author":1,"featured_media":1754,"parent":0,"menu_order":0,"comment_status":"closed","ping_status":"closed","template":"","meta":{"footnotes":""},"class_list":["post-1036","page","type-page","status-publish","has-post-thumbnail","hentry"],"yoast_head":"<!-- This site is optimized with the Yoast SEO plugin v14.3 - https:\/\/yoast.com\/wordpress\/plugins\/seo\/ -->\n<title>PUNKT - SOFTLIGHTS<\/title>\n<meta name=\"description\" content=\"\u00e9clairage professionnel pour cin\u00e9ma, TV, photographie, wireless lighting, \u00e9clairage sur mesure\" \/>\n<meta name=\"robots\" content=\"index, follow\" \/>\n<meta name=\"googlebot\" content=\"index, follow, max-snippet:-1, max-image-preview:large, max-video-preview:-1\" \/>\n<meta name=\"bingbot\" content=\"index, follow, max-snippet:-1, max-image-preview:large, max-video-preview:-1\" \/>\n<link rel=\"canonical\" href=\"https:\/\/softlights.com\/fr\/punkt\/\" \/>\n<meta property=\"og:locale\" content=\"fr_FR\" \/>\n<meta property=\"og:type\" content=\"article\" \/>\n<meta property=\"og:title\" content=\"PUNKT - SOFTLIGHTS\" \/>\n<meta property=\"og:description\" content=\"\u00e9clairage professionnel pour cin\u00e9ma, TV, photographie, wireless lighting, \u00e9clairage sur mesure\" \/>\n<meta property=\"og:url\" content=\"https:\/\/softlights.com\/fr\/punkt\/\" \/>\n<meta property=\"og:site_name\" content=\"SOFTLIGHTS\" \/>\n<meta property=\"article:modified_time\" content=\"2026-02-03T13:47:13+00:00\" \/>\n<meta property=\"og:image\" content=\"https:\/\/softlights.com\/fr\/wp-content\/uploads\/sites\/9\/2025\/06\/Capture-decran-2025-06-10-a-17.32.46.png\" \/>\n\t<meta property=\"og:image:width\" content=\"1134\" \/>\n\t<meta property=\"og:image:height\" content=\"495\" \/>\n<meta name=\"twitter:card\" content=\"summary\" \/>\n<script type=\"application\/ld+json\" class=\"yoast-schema-graph\">{\"@context\":\"https:\/\/schema.org\",\"@graph\":[{\"@type\":\"WebSite\",\"@id\":\"https:\/\/softlights.com\/fr\/#website\",\"url\":\"https:\/\/softlights.com\/fr\/\",\"name\":\"SOFTLIGHTS\",\"description\":\"wireless lighting and custom solutions\",\"potentialAction\":[{\"@type\":\"SearchAction\",\"target\":\"https:\/\/softlights.com\/fr\/?s={search_term_string}\",\"query-input\":\"required name=search_term_string\"}],\"inLanguage\":\"fr-FR\"},{\"@type\":\"ImageObject\",\"@id\":\"https:\/\/softlights.com\/fr\/punkt\/#primaryimage\",\"inLanguage\":\"fr-FR\",\"url\":\"https:\/\/softlights.com\/fr\/wp-content\/uploads\/sites\/9\/2025\/06\/Capture-decran-2025-06-10-a-17.32.46.png\",\"width\":1134,\"height\":495},{\"@type\":\"WebPage\",\"@id\":\"https:\/\/softlights.com\/fr\/punkt\/#webpage\",\"url\":\"https:\/\/softlights.com\/fr\/punkt\/\",\"name\":\"PUNKT - SOFTLIGHTS\",\"isPartOf\":{\"@id\":\"https:\/\/softlights.com\/fr\/#website\"},\"primaryImageOfPage\":{\"@id\":\"https:\/\/softlights.com\/fr\/punkt\/#primaryimage\"},\"datePublished\":\"2023-01-25T15:41:57+00:00\",\"dateModified\":\"2026-02-03T13:47:13+00:00\",\"description\":\"\\u00e9clairage professionnel pour cin\\u00e9ma, TV, photographie, wireless lighting, \\u00e9clairage sur mesure\",\"inLanguage\":\"fr-FR\",\"potentialAction\":[{\"@type\":\"ReadAction\",\"target\":[\"https:\/\/softlights.com\/fr\/punkt\/\"]}]}]}<\/script>\n<!-- \/ Yoast SEO plugin. -->","_links":{"self":[{"href":"https:\/\/softlights.com\/fr\/wp-json\/wp\/v2\/pages\/1036","targetHints":{"allow":["GET"]}}],"collection":[{"href":"https:\/\/softlights.com\/fr\/wp-json\/wp\/v2\/pages"}],"about":[{"href":"https:\/\/softlights.com\/fr\/wp-json\/wp\/v2\/types\/page"}],"author":[{"embeddable":true,"href":"https:\/\/softlights.com\/fr\/wp-json\/wp\/v2\/users\/1"}],"replies":[{"embeddable":true,"href":"https:\/\/softlights.com\/fr\/wp-json\/wp\/v2\/comments?post=1036"}],"version-history":[{"count":11,"href":"https:\/\/softlights.com\/fr\/wp-json\/wp\/v2\/pages\/1036\/revisions"}],"predecessor-version":[{"id":2210,"href":"https:\/\/softlights.com\/fr\/wp-json\/wp\/v2\/pages\/1036\/revisions\/2210"}],"wp:featuredmedia":[{"embeddable":true,"href":"https:\/\/softlights.com\/fr\/wp-json\/wp\/v2\/media\/1754"}],"wp:attachment":[{"href":"https:\/\/softlights.com\/fr\/wp-json\/wp\/v2\/media?parent=1036"}],"curies":[{"name":"wp","href":"https:\/\/api.w.org\/{rel}","templated":true}]}}