{"id":1115,"date":"2023-10-04T14:46:11","date_gmt":"2023-10-04T13:46:11","guid":{"rendered":"https:\/\/softlights.com\/fr\/?page_id=1115"},"modified":"2025-10-14T15:10:42","modified_gmt":"2025-10-14T14:10:42","slug":"wireless-lighting-control-casambi","status":"publish","type":"page","link":"https:\/\/softlights.com\/fr\/wireless-lighting-control-casambi\/","title":{"rendered":"wireless lighting control \/ Casambi"},"content":{"rendered":"\n<div id=\"primary\" class=\"content-area\"><main id=\"main\" class=\"site-main\" role=\"main\">\n<article id=\"post-1935\" class=\"post-1935 page type-page status-publish hentry\">\n<div class=\"entry-content\">\n<div class=\"\">\n<h3 style=\"text-align: center;\"><span style=\"color: #ff9900;\">CASAMBI wireless lighting contr\u00f4le : la fa\u00e7on la plus intelligente de contr\u00f4ler la lumi\u00e8re<\/span><\/h3>\n<\/div>\n<\/div>\n<footer class=\"entry-footer\"><\/footer><\/article>\n<\/main><\/div>\n\n\n<div class=\"wp-block-image\">\n<figure class=\"aligncenter size-full is-resized\"><a href=\"https:\/\/softlights.com\/fr\/wp-content\/uploads\/sites\/9\/2025\/06\/Capture-decran-2025-06-11-a-15.33.22.png\"><img loading=\"lazy\" decoding=\"async\" width=\"430\" height=\"110\" src=\"https:\/\/softlights.com\/fr\/wp-content\/uploads\/sites\/9\/2025\/06\/Capture-decran-2025-06-11-a-15.33.22.png\" alt=\"\" class=\"wp-image-1759\" style=\"width:430px;height:auto\" srcset=\"https:\/\/softlights.com\/fr\/wp-content\/uploads\/sites\/9\/2025\/06\/Capture-decran-2025-06-11-a-15.33.22.png 430w, https:\/\/softlights.com\/fr\/wp-content\/uploads\/sites\/9\/2025\/06\/Capture-decran-2025-06-11-a-15.33.22-300x77.png 300w\" sizes=\"auto, (max-width: 430px) 100vw, 430px\" \/><\/a><\/figure>\n<\/div>\n\n\n<blockquote>\n<p><em>Le syst\u00e8me de contr\u00f4le d\u2019\u00e9clairage sans fil de Casambi, bas\u00e9 sur la technologie Bluetooth Low Energy (BLE), r\u00e9volutionne la gestion de l\u2019\u00e9clairage. Avec le plus vaste \u00e9cosyst\u00e8me de contr\u00f4le d\u2019\u00e9clairage au monde, des fonctionnalit\u00e9s in\u00e9gal\u00e9es et des applications intuitives pour les professionnels et les utilisateurs finaux, Casambi offre la solution de contr\u00f4le d\u2019\u00e9clairage la plus intelligente, la plus simple et la plus \u00e9volutive du march\u00e9.<\/em><\/p>\n<\/blockquote>\n\n\n\n<h4 style=\"text-align: center;\"><strong>Contr\u00f4lez l&rsquo;\u00e9clairage, cr\u00e9ez des sc\u00e8nes, d\u00e9finissez des horaires et ajustez les param\u00e8tres gr\u00e2ce \u00e0 une interface intuitive.<\/strong><\/h4>\n\n\n<div class=\"wp-block-image\">\n<figure class=\"aligncenter size-large is-resized\"><a href=\"http:\/\/softlights.com\/fr\/wp-content\/uploads\/sites\/9\/2025\/05\/Preparation-Marcel-Z.jpg\"><img loading=\"lazy\" decoding=\"async\" width=\"1024\" height=\"768\" src=\"http:\/\/softlights.com\/fr\/wp-content\/uploads\/sites\/9\/2025\/05\/Preparation-Marcel-Z-1024x768.jpg\" alt=\"\" class=\"wp-image-1572\" style=\"width:523px;height:auto\" srcset=\"https:\/\/softlights.com\/fr\/wp-content\/uploads\/sites\/9\/2025\/05\/Preparation-Marcel-Z-1024x768.jpg 1024w, https:\/\/softlights.com\/fr\/wp-content\/uploads\/sites\/9\/2025\/05\/Preparation-Marcel-Z-300x225.jpg 300w, https:\/\/softlights.com\/fr\/wp-content\/uploads\/sites\/9\/2025\/05\/Preparation-Marcel-Z-768x576.jpg 768w, https:\/\/softlights.com\/fr\/wp-content\/uploads\/sites\/9\/2025\/05\/Preparation-Marcel-Z-1536x1152.jpg 1536w, https:\/\/softlights.com\/fr\/wp-content\/uploads\/sites\/9\/2025\/05\/Preparation-Marcel-Z-600x450.jpg 600w, https:\/\/softlights.com\/fr\/wp-content\/uploads\/sites\/9\/2025\/05\/Preparation-Marcel-Z.jpg 2048w\" sizes=\"auto, (max-width: 1024px) 100vw, 1024px\" \/><\/a><\/figure>\n<\/div>\n\n\n<div style=\"height:9px\" aria-hidden=\"true\" class=\"wp-block-spacer\"><\/div>\n\n\n\n<h4 style=\"text-align: center;\">En tant que <span style=\"color: #ff9900;\">partenaire Casambi<\/span>, nous travaillons avec vous pour d\u00e9velopper <span style=\"color: #ff9900;\">votre<\/span> produit CASAMBI<\/h4>\n\n\n<div class=\"wp-block-image\">\n<figure class=\"aligncenter size-large is-resized\"><a href=\"https:\/\/softlights.com\/fr\/wp-content\/uploads\/sites\/9\/2025\/06\/Capture-decran-2025-06-11-a-15.47.40.png\"><img loading=\"lazy\" decoding=\"async\" width=\"1024\" height=\"739\" src=\"https:\/\/softlights.com\/fr\/wp-content\/uploads\/sites\/9\/2025\/06\/Capture-decran-2025-06-11-a-15.47.40-1024x739.png\" alt=\"\" class=\"wp-image-1763\" style=\"width:545px;height:auto\" srcset=\"https:\/\/softlights.com\/fr\/wp-content\/uploads\/sites\/9\/2025\/06\/Capture-decran-2025-06-11-a-15.47.40-1024x739.png 1024w, https:\/\/softlights.com\/fr\/wp-content\/uploads\/sites\/9\/2025\/06\/Capture-decran-2025-06-11-a-15.47.40-300x217.png 300w, https:\/\/softlights.com\/fr\/wp-content\/uploads\/sites\/9\/2025\/06\/Capture-decran-2025-06-11-a-15.47.40-768x555.png 768w, https:\/\/softlights.com\/fr\/wp-content\/uploads\/sites\/9\/2025\/06\/Capture-decran-2025-06-11-a-15.47.40-600x433.png 600w, https:\/\/softlights.com\/fr\/wp-content\/uploads\/sites\/9\/2025\/06\/Capture-decran-2025-06-11-a-15.47.40.png 1310w\" sizes=\"auto, (max-width: 1024px) 100vw, 1024px\" \/><\/a><\/figure>\n<\/div>\n\n\n<blockquote class=\"wp-block-quote is-layout-flow wp-block-quote-is-layout-flow\">\n<p class=\"has-text-align-center\">application Casambi \u2013 pouvoir de la simplicit\u00e9<\/p>\n<\/blockquote>\n\n\n<div class=\"wp-block-image\">\n<figure class=\"aligncenter size-full is-resized\"><a href=\"https:\/\/softlights.com\/fr\/wp-content\/uploads\/sites\/9\/2025\/06\/Capture-decran-2025-06-11-a-15.49.35.png\"><img loading=\"lazy\" decoding=\"async\" width=\"494\" height=\"514\" src=\"https:\/\/softlights.com\/fr\/wp-content\/uploads\/sites\/9\/2025\/06\/Capture-decran-2025-06-11-a-15.49.35.png\" alt=\"\" class=\"wp-image-1765\" style=\"width:161px;height:auto\" srcset=\"https:\/\/softlights.com\/fr\/wp-content\/uploads\/sites\/9\/2025\/06\/Capture-decran-2025-06-11-a-15.49.35.png 494w, https:\/\/softlights.com\/fr\/wp-content\/uploads\/sites\/9\/2025\/06\/Capture-decran-2025-06-11-a-15.49.35-288x300.png 288w\" sizes=\"auto, (max-width: 494px) 100vw, 494px\" \/><\/a><\/figure>\n<\/div>\n\n\n<div class=\"wp-block-buttons is-content-justification-center is-layout-flex wp-container-core-buttons-is-layout-16018d1d wp-block-buttons-is-layout-flex\">\n<div class=\"wp-block-button has-custom-width wp-block-button__width-50\"><a class=\"wp-block-button__link has-small-font-size has-custom-font-size wp-element-button\" href=\"https:\/\/softlights.com\/fr\/contact\/\" style=\"border-radius:31px\">nous contacter<\/a><\/div>\n<\/div>\n\n\n\n<div style=\"height:31px\" aria-hidden=\"true\" class=\"wp-block-spacer\"><\/div>\n\n\n<div class=\"wp-block-image\">\n<figure class=\"aligncenter size-large\"><a href=\"https:\/\/softlights.com\/fr\/restaurant-arpege\/\"><img loading=\"lazy\" decoding=\"async\" width=\"1024\" height=\"505\" src=\"https:\/\/softlights.com\/fr\/wp-content\/uploads\/sites\/9\/2024\/02\/Capture-decran-2023-12-19-a-16.50.13-copie-1024x505.jpg\" alt=\"\" class=\"wp-image-1236\" srcset=\"https:\/\/softlights.com\/fr\/wp-content\/uploads\/sites\/9\/2024\/02\/Capture-decran-2023-12-19-a-16.50.13-copie-1024x505.jpg 1024w, https:\/\/softlights.com\/fr\/wp-content\/uploads\/sites\/9\/2024\/02\/Capture-decran-2023-12-19-a-16.50.13-copie-300x148.jpg 300w, https:\/\/softlights.com\/fr\/wp-content\/uploads\/sites\/9\/2024\/02\/Capture-decran-2023-12-19-a-16.50.13-copie-768x379.jpg 768w, https:\/\/softlights.com\/fr\/wp-content\/uploads\/sites\/9\/2024\/02\/Capture-decran-2023-12-19-a-16.50.13-copie-1536x758.jpg 1536w, https:\/\/softlights.com\/fr\/wp-content\/uploads\/sites\/9\/2024\/02\/Capture-decran-2023-12-19-a-16.50.13-copie-600x296.jpg 600w, https:\/\/softlights.com\/fr\/wp-content\/uploads\/sites\/9\/2024\/02\/Capture-decran-2023-12-19-a-16.50.13-copie.jpg 2014w\" sizes=\"auto, (max-width: 1024px) 100vw, 1024px\" \/><\/a><figcaption class=\"wp-element-caption\"><a href=\"https:\/\/softlights.com\/fr\/restaurant-arpege\/\">mis en lumi\u00e8re restaurant ARPEGE avec contr\u00f4le Casambi<\/a><\/figcaption><\/figure>\n<\/div>\n\n\n<h2 class=\"wp-block-heading\"><\/h2>\n","protected":false},"excerpt":{"rendered":"<p>CASAMBI wireless lighting contr\u00f4le : la fa\u00e7on la plus intelligente de contr\u00f4ler la lumi\u00e8re Le syst\u00e8me de contr\u00f4le d\u2019\u00e9clairage sans fil de Casambi, bas\u00e9 sur la technologie Bluetooth Low Energy (BLE), r\u00e9volutionne la gestion de l\u2019\u00e9clairage. Avec le plus vaste \u00e9cosyst\u00e8me de contr\u00f4le d\u2019\u00e9clairage au monde, des fonctionnalit\u00e9s in\u00e9gal\u00e9es et des applications intuitives pour les&hellip; <br \/> <a class=\"read-more\" href=\"https:\/\/softlights.com\/fr\/wireless-lighting-control-casambi\/\">Lire la suite<\/a><\/p>\n","protected":false},"author":1,"featured_media":0,"parent":0,"menu_order":0,"comment_status":"closed","ping_status":"closed","template":"","meta":{"footnotes":""},"class_list":["post-1115","page","type-page","status-publish","hentry"],"yoast_head":"<!-- This site is optimized with the Yoast SEO plugin v14.3 - https:\/\/yoast.com\/wordpress\/plugins\/seo\/ -->\n<title>wireless lighting control \/ Casambi - SOFTLIGHTS<\/title>\n<meta name=\"description\" content=\"excellence d\u2019\u00e9clairage professionnel pour cin\u00e9ma, TV, photographie, \u00e9clairage sur mesure, \u00e9clairage sans fil\" \/>\n<meta name=\"robots\" content=\"index, follow\" \/>\n<meta name=\"googlebot\" content=\"index, follow, max-snippet:-1, max-image-preview:large, max-video-preview:-1\" \/>\n<meta name=\"bingbot\" content=\"index, follow, max-snippet:-1, max-image-preview:large, max-video-preview:-1\" \/>\n<link rel=\"canonical\" href=\"https:\/\/softlights.com\/fr\/wireless-lighting-control-casambi\/\" \/>\n<meta property=\"og:locale\" content=\"fr_FR\" \/>\n<meta property=\"og:type\" content=\"article\" \/>\n<meta property=\"og:title\" content=\"wireless lighting control \/ Casambi - SOFTLIGHTS\" \/>\n<meta property=\"og:description\" content=\"excellence d\u2019\u00e9clairage professionnel pour cin\u00e9ma, TV, photographie, \u00e9clairage sur mesure, \u00e9clairage sans fil\" \/>\n<meta property=\"og:url\" content=\"https:\/\/softlights.com\/fr\/wireless-lighting-control-casambi\/\" \/>\n<meta property=\"og:site_name\" content=\"SOFTLIGHTS\" \/>\n<meta property=\"article:modified_time\" content=\"2025-10-14T14:10:42+00:00\" \/>\n<meta property=\"og:image\" content=\"https:\/\/softlights.com\/fr\/wp-content\/uploads\/sites\/9\/2025\/06\/Capture-decran-2025-06-11-a-15.33.22.png\" \/>\n<meta name=\"twitter:card\" content=\"summary\" \/>\n<script type=\"application\/ld+json\" class=\"yoast-schema-graph\">{\"@context\":\"https:\/\/schema.org\",\"@graph\":[{\"@type\":\"WebSite\",\"@id\":\"https:\/\/softlights.com\/fr\/#website\",\"url\":\"https:\/\/softlights.com\/fr\/\",\"name\":\"SOFTLIGHTS\",\"description\":\"wireless lighting and custom solutions\",\"potentialAction\":[{\"@type\":\"SearchAction\",\"target\":\"https:\/\/softlights.com\/fr\/?s={search_term_string}\",\"query-input\":\"required name=search_term_string\"}],\"inLanguage\":\"fr-FR\"},{\"@type\":\"ImageObject\",\"@id\":\"https:\/\/softlights.com\/fr\/wireless-lighting-control-casambi\/#primaryimage\",\"inLanguage\":\"fr-FR\",\"url\":\"https:\/\/softlights.com\/fr\/wp-content\/uploads\/sites\/9\/2025\/06\/Capture-decran-2025-06-11-a-15.33.22.png\",\"width\":430,\"height\":110},{\"@type\":\"WebPage\",\"@id\":\"https:\/\/softlights.com\/fr\/wireless-lighting-control-casambi\/#webpage\",\"url\":\"https:\/\/softlights.com\/fr\/wireless-lighting-control-casambi\/\",\"name\":\"wireless lighting control \/ Casambi - SOFTLIGHTS\",\"isPartOf\":{\"@id\":\"https:\/\/softlights.com\/fr\/#website\"},\"primaryImageOfPage\":{\"@id\":\"https:\/\/softlights.com\/fr\/wireless-lighting-control-casambi\/#primaryimage\"},\"datePublished\":\"2023-10-04T13:46:11+00:00\",\"dateModified\":\"2025-10-14T14:10:42+00:00\",\"description\":\"excellence d\\u2019\\u00e9clairage professionnel pour cin\\u00e9ma, TV, photographie, \\u00e9clairage sur mesure, \\u00e9clairage sans fil\",\"inLanguage\":\"fr-FR\",\"potentialAction\":[{\"@type\":\"ReadAction\",\"target\":[\"https:\/\/softlights.com\/fr\/wireless-lighting-control-casambi\/\"]}]}]}<\/script>\n<!-- \/ Yoast SEO plugin. -->","_links":{"self":[{"href":"https:\/\/softlights.com\/fr\/wp-json\/wp\/v2\/pages\/1115","targetHints":{"allow":["GET"]}}],"collection":[{"href":"https:\/\/softlights.com\/fr\/wp-json\/wp\/v2\/pages"}],"about":[{"href":"https:\/\/softlights.com\/fr\/wp-json\/wp\/v2\/types\/page"}],"author":[{"embeddable":true,"href":"https:\/\/softlights.com\/fr\/wp-json\/wp\/v2\/users\/1"}],"replies":[{"embeddable":true,"href":"https:\/\/softlights.com\/fr\/wp-json\/wp\/v2\/comments?post=1115"}],"version-history":[{"count":19,"href":"https:\/\/softlights.com\/fr\/wp-json\/wp\/v2\/pages\/1115\/revisions"}],"predecessor-version":[{"id":1972,"href":"https:\/\/softlights.com\/fr\/wp-json\/wp\/v2\/pages\/1115\/revisions\/1972"}],"wp:attachment":[{"href":"https:\/\/softlights.com\/fr\/wp-json\/wp\/v2\/media?parent=1115"}],"curies":[{"name":"wp","href":"https:\/\/api.w.org\/{rel}","templated":true}]}}