{"id":1165,"date":"2024-02-01T13:19:41","date_gmt":"2024-02-01T12:19:41","guid":{"rendered":"https:\/\/softlights.com\/fr\/?page_id=1165"},"modified":"2025-06-11T15:50:35","modified_gmt":"2025-06-11T14:50:35","slug":"creative-lighting-gallery-eclairage-sur-mesure","status":"publish","type":"page","link":"https:\/\/softlights.com\/fr\/creative-lighting-gallery-eclairage-sur-mesure\/","title":{"rendered":"creative lighting gallery"},"content":{"rendered":"<div class=\"wp-block-image\">\n<figure class=\"aligncenter size-full is-resized\"><a href=\"https:\/\/softlights.com\/fr\/expo-christian-louboutin-exhibitionniste\/\"><img loading=\"lazy\" decoding=\"async\" width=\"907\" height=\"681\" src=\"https:\/\/softlights.com\/fr\/wp-content\/uploads\/sites\/9\/2024\/02\/Capture-decran-2024-02-01-a-13.05.33.png\" alt=\"\" class=\"wp-image-1166\" style=\"width:616px;height:462px\" srcset=\"https:\/\/softlights.com\/fr\/wp-content\/uploads\/sites\/9\/2024\/02\/Capture-decran-2024-02-01-a-13.05.33.png 907w, https:\/\/softlights.com\/fr\/wp-content\/uploads\/sites\/9\/2024\/02\/Capture-decran-2024-02-01-a-13.05.33-300x225.png 300w, https:\/\/softlights.com\/fr\/wp-content\/uploads\/sites\/9\/2024\/02\/Capture-decran-2024-02-01-a-13.05.33-768x577.png 768w, https:\/\/softlights.com\/fr\/wp-content\/uploads\/sites\/9\/2024\/02\/Capture-decran-2024-02-01-a-13.05.33-600x450.png 600w\" sizes=\"auto, (max-width: 907px) 100vw, 907px\" \/><\/a><figcaption class=\"wp-element-caption\"><a href=\"https:\/\/softlights.com\/fr\/expo-christian-louboutin-exhibitionniste\/\">Christian Louboutin, Exhibition[niste]<\/a><\/figcaption><\/figure>\n<\/div>\n\n<div class=\"wp-block-image\">\n<figure class=\"aligncenter size-full is-resized\"><a href=\"https:\/\/softlights.com\/fr\/wp-content\/uploads\/sites\/9\/2024\/02\/Capture-decran-2024-02-01-a-13.08.14.png\"><img loading=\"lazy\" decoding=\"async\" width=\"737\" height=\"744\" src=\"https:\/\/softlights.com\/fr\/wp-content\/uploads\/sites\/9\/2024\/02\/Capture-decran-2024-02-01-a-13.08.14.png\" alt=\"\" class=\"wp-image-1167\" style=\"width:626px;height:632px\" srcset=\"https:\/\/softlights.com\/fr\/wp-content\/uploads\/sites\/9\/2024\/02\/Capture-decran-2024-02-01-a-13.08.14.png 737w, https:\/\/softlights.com\/fr\/wp-content\/uploads\/sites\/9\/2024\/02\/Capture-decran-2024-02-01-a-13.08.14-297x300.png 297w, https:\/\/softlights.com\/fr\/wp-content\/uploads\/sites\/9\/2024\/02\/Capture-decran-2024-02-01-a-13.08.14-150x150.png 150w, https:\/\/softlights.com\/fr\/wp-content\/uploads\/sites\/9\/2024\/02\/Capture-decran-2024-02-01-a-13.08.14-600x606.png 600w, https:\/\/softlights.com\/fr\/wp-content\/uploads\/sites\/9\/2024\/02\/Capture-decran-2024-02-01-a-13.08.14-100x100.png 100w\" sizes=\"auto, (max-width: 737px) 100vw, 737px\" \/><\/a><figcaption class=\"wp-element-caption\">notre luminaire \u201cdiamant\u201d \u00e0 <a href=\"https:\/\/lamaisondescentraliens.com\/fr\/\">La Maison des Centraliens Paris<\/a><\/figcaption><\/figure>\n<\/div>\n\n<div class=\"wp-block-image\">\n<figure class=\"aligncenter size-large is-resized\"><a href=\"https:\/\/softlights.com\/fr\/maison-elle-paris\/\"><img loading=\"lazy\" decoding=\"async\" width=\"1024\" height=\"587\" src=\"https:\/\/softlights.com\/fr\/wp-content\/uploads\/sites\/9\/2024\/02\/Capture-decran-2024-02-01-a-13.11.17-1024x587.png\" alt=\"\" class=\"wp-image-1168\" style=\"width:628px;height:360px\" srcset=\"https:\/\/softlights.com\/fr\/wp-content\/uploads\/sites\/9\/2024\/02\/Capture-decran-2024-02-01-a-13.11.17-1024x587.png 1024w, https:\/\/softlights.com\/fr\/wp-content\/uploads\/sites\/9\/2024\/02\/Capture-decran-2024-02-01-a-13.11.17-300x172.png 300w, https:\/\/softlights.com\/fr\/wp-content\/uploads\/sites\/9\/2024\/02\/Capture-decran-2024-02-01-a-13.11.17-768x441.png 768w, https:\/\/softlights.com\/fr\/wp-content\/uploads\/sites\/9\/2024\/02\/Capture-decran-2024-02-01-a-13.11.17-350x200.png 350w, https:\/\/softlights.com\/fr\/wp-content\/uploads\/sites\/9\/2024\/02\/Capture-decran-2024-02-01-a-13.11.17-600x344.png 600w, https:\/\/softlights.com\/fr\/wp-content\/uploads\/sites\/9\/2024\/02\/Capture-decran-2024-02-01-a-13.11.17.png 1304w\" sizes=\"auto, (max-width: 1024px) 100vw, 1024px\" \/><\/a><figcaption class=\"wp-element-caption\"><a href=\"https:\/\/softlights.com\/fr\/maison-elle-paris\/\">installation lumi\u00e8re, l\u2019H\u00f4tel ELLE, Paris<\/a><\/figcaption><\/figure>\n<\/div>\n\n<div class=\"wp-block-image\">\n<figure class=\"aligncenter size-large is-resized\"><a href=\"https:\/\/softlights.com\/fr\/ecole-alain-ducasse\/\"><img loading=\"lazy\" decoding=\"async\" width=\"1024\" height=\"768\" src=\"https:\/\/softlights.com\/fr\/wp-content\/uploads\/sites\/9\/2024\/02\/Capture-decran-2024-02-01-a-13.13.42-1024x768.png\" alt=\"\" class=\"wp-image-1169\" style=\"width:635px;height:477px\" srcset=\"https:\/\/softlights.com\/fr\/wp-content\/uploads\/sites\/9\/2024\/02\/Capture-decran-2024-02-01-a-13.13.42-1024x768.png 1024w, https:\/\/softlights.com\/fr\/wp-content\/uploads\/sites\/9\/2024\/02\/Capture-decran-2024-02-01-a-13.13.42-300x225.png 300w, https:\/\/softlights.com\/fr\/wp-content\/uploads\/sites\/9\/2024\/02\/Capture-decran-2024-02-01-a-13.13.42-768x576.png 768w, https:\/\/softlights.com\/fr\/wp-content\/uploads\/sites\/9\/2024\/02\/Capture-decran-2024-02-01-a-13.13.42-600x450.png 600w, https:\/\/softlights.com\/fr\/wp-content\/uploads\/sites\/9\/2024\/02\/Capture-decran-2024-02-01-a-13.13.42.png 1077w\" sizes=\"auto, (max-width: 1024px) 100vw, 1024px\" \/><\/a><figcaption class=\"wp-element-caption\"><a href=\"https:\/\/softlights.com\/fr\/ecole-alain-ducasse\/\">\u00e9cole Alain Ducasse<\/a><\/figcaption><\/figure>\n<\/div>\n\n<div class=\"wp-block-image\">\n<figure class=\"aligncenter size-full is-resized\"><a href=\"https:\/\/softlights.com\/fr\/defile-issey-miyake\/\"><img loading=\"lazy\" decoding=\"async\" width=\"907\" height=\"671\" src=\"https:\/\/softlights.com\/fr\/wp-content\/uploads\/sites\/9\/2024\/02\/Capture-decran-2024-02-01-a-13.16.06.png\" alt=\"\" class=\"wp-image-1170\" style=\"width:646px;height:478px\" srcset=\"https:\/\/softlights.com\/fr\/wp-content\/uploads\/sites\/9\/2024\/02\/Capture-decran-2024-02-01-a-13.16.06.png 907w, https:\/\/softlights.com\/fr\/wp-content\/uploads\/sites\/9\/2024\/02\/Capture-decran-2024-02-01-a-13.16.06-300x222.png 300w, https:\/\/softlights.com\/fr\/wp-content\/uploads\/sites\/9\/2024\/02\/Capture-decran-2024-02-01-a-13.16.06-768x568.png 768w, https:\/\/softlights.com\/fr\/wp-content\/uploads\/sites\/9\/2024\/02\/Capture-decran-2024-02-01-a-13.16.06-600x444.png 600w\" sizes=\"auto, (max-width: 907px) 100vw, 907px\" \/><\/a><figcaption class=\"wp-element-caption\"><a href=\"https:\/\/softlights.com\/fr\/defile-issey-miyake\/\">d\u00e9fil\u00e9 Issey Miyake <\/a><\/figcaption><\/figure>\n<\/div>\n\n<div class=\"wp-block-image\">\n<figure class=\"aligncenter size-large is-resized\"><a href=\"https:\/\/softlights.com\/fr\/usine-paris\/\"><img loading=\"lazy\" decoding=\"async\" width=\"1024\" height=\"709\" src=\"https:\/\/softlights.com\/fr\/wp-content\/uploads\/sites\/9\/2024\/02\/Capture-decran-2024-02-01-a-13.17.53-1024x709.png\" alt=\"\" class=\"wp-image-1171\" style=\"width:651px;height:450px\" srcset=\"https:\/\/softlights.com\/fr\/wp-content\/uploads\/sites\/9\/2024\/02\/Capture-decran-2024-02-01-a-13.17.53-1024x709.png 1024w, https:\/\/softlights.com\/fr\/wp-content\/uploads\/sites\/9\/2024\/02\/Capture-decran-2024-02-01-a-13.17.53-300x208.png 300w, https:\/\/softlights.com\/fr\/wp-content\/uploads\/sites\/9\/2024\/02\/Capture-decran-2024-02-01-a-13.17.53-768x532.png 768w, https:\/\/softlights.com\/fr\/wp-content\/uploads\/sites\/9\/2024\/02\/Capture-decran-2024-02-01-a-13.17.53-600x416.png 600w, https:\/\/softlights.com\/fr\/wp-content\/uploads\/sites\/9\/2024\/02\/Capture-decran-2024-02-01-a-13.17.53.png 1077w\" sizes=\"auto, (max-width: 1024px) 100vw, 1024px\" \/><\/a><figcaption class=\"wp-element-caption\"><a href=\"https:\/\/softlights.com\/fr\/usine-paris\/\"> USINE, club de sport <\/a><\/figcaption><\/figure>\n<\/div>\n\n\n<div class=\"wp-block-buttons is-content-justification-center is-layout-flex wp-container-core-buttons-is-layout-16018d1d wp-block-buttons-is-layout-flex\">\n<div class=\"wp-block-button\"><a class=\"wp-block-button__link wp-element-button\" href=\"https:\/\/softlightsplus.com\/\">voir plus<\/a><\/div>\n<\/div>\n","protected":false},"excerpt":{"rendered":"","protected":false},"author":1,"featured_media":0,"parent":0,"menu_order":0,"comment_status":"closed","ping_status":"closed","template":"","meta":{"footnotes":""},"class_list":["post-1165","page","type-page","status-publish","hentry"],"yoast_head":"<!-- This site is optimized with the Yoast SEO plugin v14.3 - https:\/\/yoast.com\/wordpress\/plugins\/seo\/ -->\n<title>creative lighting gallery - SOFTLIGHTS<\/title>\n<meta name=\"description\" content=\"\u00e9clairage professionnel pour cin\u00e9ma, TV, photographie, wireless lighting, \u00e9clairage sur mesure\" \/>\n<meta name=\"robots\" content=\"index, follow\" \/>\n<meta name=\"googlebot\" content=\"index, follow, max-snippet:-1, max-image-preview:large, max-video-preview:-1\" \/>\n<meta name=\"bingbot\" content=\"index, follow, max-snippet:-1, max-image-preview:large, max-video-preview:-1\" \/>\n<link rel=\"canonical\" href=\"https:\/\/softlights.com\/fr\/creative-lighting-gallery-eclairage-sur-mesure\/\" \/>\n<meta property=\"og:locale\" content=\"fr_FR\" \/>\n<meta property=\"og:type\" content=\"article\" \/>\n<meta property=\"og:title\" content=\"creative lighting gallery - SOFTLIGHTS\" \/>\n<meta property=\"og:description\" content=\"\u00e9clairage professionnel pour cin\u00e9ma, TV, photographie, wireless lighting, \u00e9clairage sur mesure\" \/>\n<meta property=\"og:url\" content=\"https:\/\/softlights.com\/fr\/creative-lighting-gallery-eclairage-sur-mesure\/\" \/>\n<meta property=\"og:site_name\" content=\"SOFTLIGHTS\" \/>\n<meta property=\"article:modified_time\" content=\"2025-06-11T14:50:35+00:00\" \/>\n<meta property=\"og:image\" content=\"https:\/\/softlights.com\/fr\/wp-content\/uploads\/sites\/9\/2024\/02\/Capture-decran-2024-02-01-a-13.05.33.png\" \/>\n<meta name=\"twitter:card\" content=\"summary\" \/>\n<script type=\"application\/ld+json\" class=\"yoast-schema-graph\">{\"@context\":\"https:\/\/schema.org\",\"@graph\":[{\"@type\":\"WebSite\",\"@id\":\"https:\/\/softlights.com\/fr\/#website\",\"url\":\"https:\/\/softlights.com\/fr\/\",\"name\":\"SOFTLIGHTS\",\"description\":\"wireless lighting and custom solutions\",\"potentialAction\":[{\"@type\":\"SearchAction\",\"target\":\"https:\/\/softlights.com\/fr\/?s={search_term_string}\",\"query-input\":\"required name=search_term_string\"}],\"inLanguage\":\"fr-FR\"},{\"@type\":\"ImageObject\",\"@id\":\"https:\/\/softlights.com\/fr\/creative-lighting-gallery-eclairage-sur-mesure\/#primaryimage\",\"inLanguage\":\"fr-FR\",\"url\":\"https:\/\/softlights.com\/fr\/wp-content\/uploads\/sites\/9\/2024\/02\/Capture-decran-2024-02-01-a-13.05.33.png\",\"width\":907,\"height\":681},{\"@type\":\"WebPage\",\"@id\":\"https:\/\/softlights.com\/fr\/creative-lighting-gallery-eclairage-sur-mesure\/#webpage\",\"url\":\"https:\/\/softlights.com\/fr\/creative-lighting-gallery-eclairage-sur-mesure\/\",\"name\":\"creative lighting gallery - SOFTLIGHTS\",\"isPartOf\":{\"@id\":\"https:\/\/softlights.com\/fr\/#website\"},\"primaryImageOfPage\":{\"@id\":\"https:\/\/softlights.com\/fr\/creative-lighting-gallery-eclairage-sur-mesure\/#primaryimage\"},\"datePublished\":\"2024-02-01T12:19:41+00:00\",\"dateModified\":\"2025-06-11T14:50:35+00:00\",\"description\":\"\\u00e9clairage professionnel pour cin\\u00e9ma, TV, photographie, wireless lighting, \\u00e9clairage sur mesure\",\"inLanguage\":\"fr-FR\",\"potentialAction\":[{\"@type\":\"ReadAction\",\"target\":[\"https:\/\/softlights.com\/fr\/creative-lighting-gallery-eclairage-sur-mesure\/\"]}]}]}<\/script>\n<!-- \/ Yoast SEO plugin. -->","_links":{"self":[{"href":"https:\/\/softlights.com\/fr\/wp-json\/wp\/v2\/pages\/1165","targetHints":{"allow":["GET"]}}],"collection":[{"href":"https:\/\/softlights.com\/fr\/wp-json\/wp\/v2\/pages"}],"about":[{"href":"https:\/\/softlights.com\/fr\/wp-json\/wp\/v2\/types\/page"}],"author":[{"embeddable":true,"href":"https:\/\/softlights.com\/fr\/wp-json\/wp\/v2\/users\/1"}],"replies":[{"embeddable":true,"href":"https:\/\/softlights.com\/fr\/wp-json\/wp\/v2\/comments?post=1165"}],"version-history":[{"count":10,"href":"https:\/\/softlights.com\/fr\/wp-json\/wp\/v2\/pages\/1165\/revisions"}],"predecessor-version":[{"id":1801,"href":"https:\/\/softlights.com\/fr\/wp-json\/wp\/v2\/pages\/1165\/revisions\/1801"}],"wp:attachment":[{"href":"https:\/\/softlights.com\/fr\/wp-json\/wp\/v2\/media?parent=1165"}],"curies":[{"name":"wp","href":"https:\/\/api.w.org\/{rel}","templated":true}]}}