{"id":1184,"date":"2024-02-01T13:48:45","date_gmt":"2024-02-01T12:48:45","guid":{"rendered":"https:\/\/softlights.com\/fr\/?page_id=1184"},"modified":"2024-02-01T13:50:22","modified_gmt":"2024-02-01T12:50:22","slug":"expo-christian-louboutin-exhibitionniste","status":"publish","type":"page","link":"https:\/\/softlights.com\/fr\/expo-christian-louboutin-exhibitionniste\/","title":{"rendered":"exposition Exhibition[niste]"},"content":{"rendered":"\n<p>nous avons eu l&rsquo;honneur de travailler avec la maison Louboutin et la Maison du Vitrail pour l&rsquo;exposition l&rsquo;Exhibition\/iste, <a href=\"https:\/\/www.palais-portedoree.fr\/en\/christian-louboutin-exhibition\">Mus\u00e9e de la Porte Dor\u00e9e<\/a><\/p>\n\n\n<div class=\"wp-block-image\">\n<figure class=\"aligncenter size-full is-resized\"><a href=\"https:\/\/softlights.com\/fr\/wp-content\/uploads\/sites\/9\/2024\/02\/Capture-decran-2024-02-01-a-13.44.24.png\"><img loading=\"lazy\" decoding=\"async\" src=\"https:\/\/softlights.com\/fr\/wp-content\/uploads\/sites\/9\/2024\/02\/Capture-decran-2024-02-01-a-13.44.24.png\" alt=\"\" class=\"wp-image-1186\" width=\"595\" height=\"743\"\/><\/a><figcaption class=\"wp-element-caption\">Christian Louboutin Exhibition[niste]<\/figcaption><\/figure>\n<\/div>\n\n<div class=\"wp-block-image\">\n<figure class=\"aligncenter size-large\"><a href=\"https:\/\/softlights.com\/fr\/wp-content\/uploads\/sites\/9\/2024\/02\/4-VITRAUX-Louboutin-copie.jpeg\"><img loading=\"lazy\" decoding=\"async\" width=\"1024\" height=\"352\" src=\"https:\/\/softlights.com\/fr\/wp-content\/uploads\/sites\/9\/2024\/02\/4-VITRAUX-Louboutin-copie-1024x352.jpeg\" alt=\"\" class=\"wp-image-1188\" srcset=\"https:\/\/softlights.com\/fr\/wp-content\/uploads\/sites\/9\/2024\/02\/4-VITRAUX-Louboutin-copie-1024x352.jpeg 1024w, https:\/\/softlights.com\/fr\/wp-content\/uploads\/sites\/9\/2024\/02\/4-VITRAUX-Louboutin-copie-300x103.jpeg 300w, https:\/\/softlights.com\/fr\/wp-content\/uploads\/sites\/9\/2024\/02\/4-VITRAUX-Louboutin-copie-768x264.jpeg 768w, https:\/\/softlights.com\/fr\/wp-content\/uploads\/sites\/9\/2024\/02\/4-VITRAUX-Louboutin-copie-1536x529.jpeg 1536w, https:\/\/softlights.com\/fr\/wp-content\/uploads\/sites\/9\/2024\/02\/4-VITRAUX-Louboutin-copie-2048x705.jpeg 2048w, https:\/\/softlights.com\/fr\/wp-content\/uploads\/sites\/9\/2024\/02\/4-VITRAUX-Louboutin-copie-600x206.jpeg 600w\" sizes=\"auto, (max-width: 1024px) 100vw, 1024px\" \/><\/a><figcaption class=\"wp-element-caption\">mise en ch\u00e2ssis des 8 vitraux, et leur r\u00e9tro\u00e9clairage<br>programmation DMX et Softlights TILED<\/figcaption><\/figure>\n<\/div>","protected":false},"excerpt":{"rendered":"<p>nous avons eu l&rsquo;honneur de travailler avec la maison Louboutin et la Maison du Vitrail pour l&rsquo;exposition l&rsquo;Exhibition\/iste, Mus\u00e9e de la Porte Dor\u00e9e<\/p>\n","protected":false},"author":1,"featured_media":0,"parent":0,"menu_order":0,"comment_status":"closed","ping_status":"closed","template":"","meta":{"footnotes":""},"class_list":["post-1184","page","type-page","status-publish","hentry"],"yoast_head":"<!-- This site is optimized with the Yoast SEO plugin v14.3 - https:\/\/yoast.com\/wordpress\/plugins\/seo\/ -->\n<title>exposition Exhibition[niste] - SOFTLIGHTS<\/title>\n<meta name=\"robots\" content=\"index, follow\" \/>\n<meta name=\"googlebot\" content=\"index, follow, max-snippet:-1, max-image-preview:large, max-video-preview:-1\" \/>\n<meta name=\"bingbot\" content=\"index, follow, max-snippet:-1, max-image-preview:large, max-video-preview:-1\" \/>\n<link rel=\"canonical\" href=\"https:\/\/softlights.com\/fr\/expo-christian-louboutin-exhibitionniste\/\" \/>\n<meta property=\"og:locale\" content=\"fr_FR\" \/>\n<meta property=\"og:type\" content=\"article\" \/>\n<meta property=\"og:title\" content=\"exposition Exhibition[niste] - SOFTLIGHTS\" \/>\n<meta property=\"og:description\" content=\"nous avons eu l&rsquo;honneur de travailler avec la maison Louboutin et la Maison du Vitrail pour l&rsquo;exposition l&rsquo;Exhibition\/iste, Mus\u00e9e de la Porte Dor\u00e9e\" \/>\n<meta property=\"og:url\" content=\"https:\/\/softlights.com\/fr\/expo-christian-louboutin-exhibitionniste\/\" \/>\n<meta property=\"og:site_name\" content=\"SOFTLIGHTS\" \/>\n<meta property=\"article:modified_time\" content=\"2024-02-01T12:50:22+00:00\" \/>\n<meta property=\"og:image\" content=\"https:\/\/softlights.com\/fr\/wp-content\/uploads\/sites\/9\/2024\/02\/Capture-decran-2024-02-01-a-13.44.24.png\" \/>\n<meta name=\"twitter:card\" content=\"summary\" \/>\n<script type=\"application\/ld+json\" class=\"yoast-schema-graph\">{\"@context\":\"https:\/\/schema.org\",\"@graph\":[{\"@type\":\"WebSite\",\"@id\":\"https:\/\/softlights.com\/fr\/#website\",\"url\":\"https:\/\/softlights.com\/fr\/\",\"name\":\"SOFTLIGHTS\",\"description\":\"wireless lighting and custom solutions\",\"potentialAction\":[{\"@type\":\"SearchAction\",\"target\":\"https:\/\/softlights.com\/fr\/?s={search_term_string}\",\"query-input\":\"required name=search_term_string\"}],\"inLanguage\":\"fr-FR\"},{\"@type\":\"ImageObject\",\"@id\":\"https:\/\/softlights.com\/fr\/expo-christian-louboutin-exhibitionniste\/#primaryimage\",\"inLanguage\":\"fr-FR\",\"url\":\"https:\/\/softlights.com\/fr\/wp-content\/uploads\/sites\/9\/2024\/02\/Capture-decran-2024-02-01-a-13.44.24.png\",\"width\":680,\"height\":851},{\"@type\":\"WebPage\",\"@id\":\"https:\/\/softlights.com\/fr\/expo-christian-louboutin-exhibitionniste\/#webpage\",\"url\":\"https:\/\/softlights.com\/fr\/expo-christian-louboutin-exhibitionniste\/\",\"name\":\"exposition Exhibition[niste] - SOFTLIGHTS\",\"isPartOf\":{\"@id\":\"https:\/\/softlights.com\/fr\/#website\"},\"primaryImageOfPage\":{\"@id\":\"https:\/\/softlights.com\/fr\/expo-christian-louboutin-exhibitionniste\/#primaryimage\"},\"datePublished\":\"2024-02-01T12:48:45+00:00\",\"dateModified\":\"2024-02-01T12:50:22+00:00\",\"inLanguage\":\"fr-FR\",\"potentialAction\":[{\"@type\":\"ReadAction\",\"target\":[\"https:\/\/softlights.com\/fr\/expo-christian-louboutin-exhibitionniste\/\"]}]}]}<\/script>\n<!-- \/ Yoast SEO plugin. -->","_links":{"self":[{"href":"https:\/\/softlights.com\/fr\/wp-json\/wp\/v2\/pages\/1184","targetHints":{"allow":["GET"]}}],"collection":[{"href":"https:\/\/softlights.com\/fr\/wp-json\/wp\/v2\/pages"}],"about":[{"href":"https:\/\/softlights.com\/fr\/wp-json\/wp\/v2\/types\/page"}],"author":[{"embeddable":true,"href":"https:\/\/softlights.com\/fr\/wp-json\/wp\/v2\/users\/1"}],"replies":[{"embeddable":true,"href":"https:\/\/softlights.com\/fr\/wp-json\/wp\/v2\/comments?post=1184"}],"version-history":[{"count":3,"href":"https:\/\/softlights.com\/fr\/wp-json\/wp\/v2\/pages\/1184\/revisions"}],"predecessor-version":[{"id":1191,"href":"https:\/\/softlights.com\/fr\/wp-json\/wp\/v2\/pages\/1184\/revisions\/1191"}],"wp:attachment":[{"href":"https:\/\/softlights.com\/fr\/wp-json\/wp\/v2\/media?parent=1184"}],"curies":[{"name":"wp","href":"https:\/\/api.w.org\/{rel}","templated":true}]}}