{"id":43,"date":"2015-10-05T14:46:49","date_gmt":"2015-10-05T13:46:49","guid":{"rendered":"http:\/\/softlights.com\/store\/?page_id=43"},"modified":"2026-02-03T14:41:01","modified_gmt":"2026-02-03T13:41:01","slug":"softlights-produits","status":"publish","type":"page","link":"https:\/\/softlights.com\/fr\/softlights-produits\/","title":{"rendered":"PRODUITS"},"content":{"rendered":"\n<h2 class=\"wp-block-heading has-text-align-center\">\u00a0<\/h2>\n\n\n<div class=\"wp-block-image\">\n<figure class=\"aligncenter size-full is-resized\"><a href=\"https:\/\/softlights.com\/fr\/flame-by-softlights\/\"><img loading=\"lazy\" decoding=\"async\" width=\"832\" height=\"360\" src=\"http:\/\/softlights.com\/fr\/wp-content\/uploads\/sites\/9\/2026\/02\/Logo-FLAME-copie-1.jpg\" alt=\"\" class=\"wp-image-2169\" style=\"width:751px;height:auto\" srcset=\"https:\/\/softlights.com\/fr\/wp-content\/uploads\/sites\/9\/2026\/02\/Logo-FLAME-copie-1.jpg 832w, https:\/\/softlights.com\/fr\/wp-content\/uploads\/sites\/9\/2026\/02\/Logo-FLAME-copie-1-300x130.jpg 300w, https:\/\/softlights.com\/fr\/wp-content\/uploads\/sites\/9\/2026\/02\/Logo-FLAME-copie-1-768x332.jpg 768w, https:\/\/softlights.com\/fr\/wp-content\/uploads\/sites\/9\/2026\/02\/Logo-FLAME-copie-1-600x260.jpg 600w\" sizes=\"auto, (max-width: 832px) 100vw, 832px\" \/><\/a><\/figure>\n<\/div>\n\n<div class=\"wp-block-image is-resized\">\n<figure class=\"aligncenter\"><a href=\"https:\/\/softlights.com\/fr\/flame-by-softlights\/\"><img decoding=\"async\" src=\"http:\/\/softlights.com\/wp-content\/uploads\/2020\/09\/flame-1024x561.jpg\" alt=\"This image has an empty alt attribute; its file name is flame-1024x561.jpg\" style=\"width:480px;height:auto\"\/><\/a><figcaption class=\"wp-element-caption\"><a href=\"https:\/\/softlights.com\/flame-by-softlights\/\">https:\/\/softlights.com\/flame-by-softlights\/<\/a><\/figcaption><\/figure>\n<\/div>\n\n\n<p class=\"has-text-align-center has-small-font-size\">\u00ab\u00a0Les couleurs des LED traditionnelles tr\u00e8s chaudes donnent des tons de peau avec une teinte limit\u00e9e, donnant l&rsquo;apparence d&rsquo;un ton plat et terne. Ils ont souvent une dominante verte ou magenta et aucune d\u00e9finition de couleur dont vous auriez besoin pour obtenir un bon teint . Je n&rsquo;ai jamais vu une LED qui fonctionne aussi bien en 1800-2000K que la nouvelle LED Flame de Softlights. Elle correspond parfaitement \u00e0 la lumi\u00e8re de bougie et de paraffine. La nouvelle LED Flame est une r\u00e9volution LED \u00ab\u00a0. <\/p>\n\n\n\n<h6 style=\"text-align: center;\">John Christian Rosenlund, directeur de photographie<\/h6>\n<h6 style=\"text-align: center;\">Le site du tournage \u00a0\u00bb The emigrants\u00a0\u00bb :<br \/><a href=\"https:\/\/www.jcr.no\/post\/the-emigrant-light\" target=\"_blank\" rel=\"noopener noreferrer\">https:\/\/www.jcr.no\/post\/the-emigrant-light<\/a><\/h6>\n<p>\u00a0<\/p>\n\n\n<div class=\"wp-block-image\">\n<figure class=\"aligncenter size-full\"><a href=\"https:\/\/softlights.com\/fr\/ringlight-softlights\/\"><img loading=\"lazy\" decoding=\"async\" width=\"590\" height=\"335\" src=\"http:\/\/softlights.com\/fr\/wp-content\/uploads\/sites\/9\/2026\/02\/logo-RING-2026-1.jpg\" alt=\"\" class=\"wp-image-2171\" srcset=\"https:\/\/softlights.com\/fr\/wp-content\/uploads\/sites\/9\/2026\/02\/logo-RING-2026-1.jpg 590w, https:\/\/softlights.com\/fr\/wp-content\/uploads\/sites\/9\/2026\/02\/logo-RING-2026-1-300x170.jpg 300w\" sizes=\"auto, (max-width: 590px) 100vw, 590px\" \/><\/a><\/figure>\n<\/div>\n\n<div class=\"wp-block-image\">\n<figure class=\"aligncenter size-large is-resized\"><a href=\"https:\/\/softlights.com\/fr\/ringlight-softlights\/\"><img loading=\"lazy\" decoding=\"async\" width=\"1024\" height=\"767\" src=\"http:\/\/softlights.com\/fr\/wp-content\/uploads\/sites\/9\/2023\/01\/ring-Henrik-1-1024x767.jpg\" alt=\"\" class=\"wp-image-1047\" style=\"width:399px;height:auto\" srcset=\"https:\/\/softlights.com\/fr\/wp-content\/uploads\/sites\/9\/2023\/01\/ring-Henrik-1-1024x767.jpg 1024w, https:\/\/softlights.com\/fr\/wp-content\/uploads\/sites\/9\/2023\/01\/ring-Henrik-1-300x225.jpg 300w, https:\/\/softlights.com\/fr\/wp-content\/uploads\/sites\/9\/2023\/01\/ring-Henrik-1-768x575.jpg 768w, https:\/\/softlights.com\/fr\/wp-content\/uploads\/sites\/9\/2023\/01\/ring-Henrik-1-1536x1150.jpg 1536w, https:\/\/softlights.com\/fr\/wp-content\/uploads\/sites\/9\/2023\/01\/ring-Henrik-1-2048x1534.jpg 2048w, https:\/\/softlights.com\/fr\/wp-content\/uploads\/sites\/9\/2023\/01\/ring-Henrik-1-600x449.jpg 600w\" sizes=\"auto, (max-width: 1024px) 100vw, 1024px\" \/><\/a><\/figure>\n<\/div>\n\n\n<div style=\"height:79px\" aria-hidden=\"true\" class=\"wp-block-spacer\"><\/div>\n\n\n<div class=\"wp-block-image\">\n<figure class=\"aligncenter size-full is-resized\"><a href=\"https:\/\/softlights.com\/fr\/punkt\/\"><img loading=\"lazy\" decoding=\"async\" width=\"832\" height=\"309\" src=\"http:\/\/softlights.com\/fr\/wp-content\/uploads\/sites\/9\/2026\/02\/logo-PUNKT-2026.jpg\" alt=\"\" class=\"wp-image-2172\" style=\"width:720px;height:auto\" srcset=\"https:\/\/softlights.com\/fr\/wp-content\/uploads\/sites\/9\/2026\/02\/logo-PUNKT-2026.jpg 832w, https:\/\/softlights.com\/fr\/wp-content\/uploads\/sites\/9\/2026\/02\/logo-PUNKT-2026-300x111.jpg 300w, https:\/\/softlights.com\/fr\/wp-content\/uploads\/sites\/9\/2026\/02\/logo-PUNKT-2026-768x285.jpg 768w, https:\/\/softlights.com\/fr\/wp-content\/uploads\/sites\/9\/2026\/02\/logo-PUNKT-2026-600x223.jpg 600w\" sizes=\"auto, (max-width: 832px) 100vw, 832px\" \/><\/a><\/figure>\n<\/div>\n\n<div class=\"wp-block-image\">\n<figure class=\"aligncenter size-large is-resized\"><a href=\"https:\/\/softlights.com\/fr\/punkt\/\"><img loading=\"lazy\" decoding=\"async\" width=\"1024\" height=\"841\" src=\"http:\/\/softlights.com\/fr\/wp-content\/uploads\/sites\/9\/2023\/01\/PUNKT-1024x841.jpg\" alt=\"\" class=\"wp-image-1049\" style=\"width:395px;height:auto\" srcset=\"https:\/\/softlights.com\/fr\/wp-content\/uploads\/sites\/9\/2023\/01\/PUNKT-1024x841.jpg 1024w, https:\/\/softlights.com\/fr\/wp-content\/uploads\/sites\/9\/2023\/01\/PUNKT-300x246.jpg 300w, https:\/\/softlights.com\/fr\/wp-content\/uploads\/sites\/9\/2023\/01\/PUNKT-768x631.jpg 768w, https:\/\/softlights.com\/fr\/wp-content\/uploads\/sites\/9\/2023\/01\/PUNKT-1536x1261.jpg 1536w, https:\/\/softlights.com\/fr\/wp-content\/uploads\/sites\/9\/2023\/01\/PUNKT-2048x1681.jpg 2048w, https:\/\/softlights.com\/fr\/wp-content\/uploads\/sites\/9\/2023\/01\/PUNKT-600x493.jpg 600w\" sizes=\"auto, (max-width: 1024px) 100vw, 1024px\" \/><\/a><\/figure>\n<\/div>\n\n\n<div style=\"height:72px\" aria-hidden=\"true\" class=\"wp-block-spacer\"><\/div>\n\n\n<div class=\"wp-block-image\">\n<figure class=\"aligncenter size-full is-resized\"><a href=\"https:\/\/softlights.com\/fr\/dimmer\/\"><img loading=\"lazy\" decoding=\"async\" width=\"990\" height=\"298\" src=\"http:\/\/softlights.com\/fr\/wp-content\/uploads\/sites\/9\/2026\/02\/logo-DIM-CASAMBI-1.jpg\" alt=\"\" class=\"wp-image-2174\" style=\"width:698px;height:auto\" srcset=\"https:\/\/softlights.com\/fr\/wp-content\/uploads\/sites\/9\/2026\/02\/logo-DIM-CASAMBI-1.jpg 990w, https:\/\/softlights.com\/fr\/wp-content\/uploads\/sites\/9\/2026\/02\/logo-DIM-CASAMBI-1-300x90.jpg 300w, https:\/\/softlights.com\/fr\/wp-content\/uploads\/sites\/9\/2026\/02\/logo-DIM-CASAMBI-1-768x231.jpg 768w, https:\/\/softlights.com\/fr\/wp-content\/uploads\/sites\/9\/2026\/02\/logo-DIM-CASAMBI-1-600x181.jpg 600w\" sizes=\"auto, (max-width: 990px) 100vw, 990px\" \/><\/a><\/figure>\n<\/div>\n\n<div class=\"wp-block-image\">\n<figure class=\"aligncenter size-full is-resized\"><a href=\"https:\/\/softlights.com\/fr\/dimmer\/\"><img loading=\"lazy\" decoding=\"async\" width=\"1002\" height=\"305\" src=\"http:\/\/softlights.com\/fr\/wp-content\/uploads\/sites\/9\/2026\/02\/logo-DIM-CRMX-1.jpg\" alt=\"\" class=\"wp-image-2173\" style=\"width:712px;height:auto\" srcset=\"https:\/\/softlights.com\/fr\/wp-content\/uploads\/sites\/9\/2026\/02\/logo-DIM-CRMX-1.jpg 1002w, https:\/\/softlights.com\/fr\/wp-content\/uploads\/sites\/9\/2026\/02\/logo-DIM-CRMX-1-300x91.jpg 300w, https:\/\/softlights.com\/fr\/wp-content\/uploads\/sites\/9\/2026\/02\/logo-DIM-CRMX-1-768x234.jpg 768w, https:\/\/softlights.com\/fr\/wp-content\/uploads\/sites\/9\/2026\/02\/logo-DIM-CRMX-1-600x183.jpg 600w\" sizes=\"auto, (max-width: 1002px) 100vw, 1002px\" \/><\/a><\/figure>\n<\/div>\n\n\n<div style=\"height:67px\" aria-hidden=\"true\" class=\"wp-block-spacer\"><\/div>\n\n\n<div class=\"wp-block-image\">\n<figure class=\"aligncenter size-large is-resized\"><a href=\"https:\/\/softlights.com\/fr\/eclairage-sur-mesure\/\"><img loading=\"lazy\" decoding=\"async\" width=\"1024\" height=\"312\" src=\"http:\/\/softlights.com\/fr\/wp-content\/uploads\/sites\/9\/2026\/02\/Logo-CUSTOM-1024x312.jpg\" alt=\"\" class=\"wp-image-2175\" style=\"width:578px;height:auto\" srcset=\"https:\/\/softlights.com\/fr\/wp-content\/uploads\/sites\/9\/2026\/02\/Logo-CUSTOM-1024x312.jpg 1024w, https:\/\/softlights.com\/fr\/wp-content\/uploads\/sites\/9\/2026\/02\/Logo-CUSTOM-300x91.jpg 300w, https:\/\/softlights.com\/fr\/wp-content\/uploads\/sites\/9\/2026\/02\/Logo-CUSTOM-768x234.jpg 768w, https:\/\/softlights.com\/fr\/wp-content\/uploads\/sites\/9\/2026\/02\/Logo-CUSTOM-600x183.jpg 600w, https:\/\/softlights.com\/fr\/wp-content\/uploads\/sites\/9\/2026\/02\/Logo-CUSTOM.jpg 1027w\" sizes=\"auto, (max-width: 1024px) 100vw, 1024px\" \/><\/a><\/figure>\n<\/div>\n\n\n<div style=\"height:100px\" aria-hidden=\"true\" class=\"wp-block-spacer\"><\/div>\n\n\n<p>\u00a0<\/p>\n<p><a href=\"http:\/\/softlights.com\/fr\/rubans-led\/\" rel=\"attachment wp-att-460\" data-wplink-edit=\"true\"><img loading=\"lazy\" decoding=\"async\" class=\"size-full wp-image-460 aligncenter\" src=\"http:\/\/softlights.com\/fr\/wp-content\/uploads\/sites\/9\/2015\/10\/logo-LEDribbons.jpg\" alt=\"logo-ledribbons\" width=\"606\" height=\"251\" srcset=\"https:\/\/softlights.com\/fr\/wp-content\/uploads\/sites\/9\/2015\/10\/logo-LEDribbons.jpg 606w, https:\/\/softlights.com\/fr\/wp-content\/uploads\/sites\/9\/2015\/10\/logo-LEDribbons-300x124.jpg 300w, https:\/\/softlights.com\/fr\/wp-content\/uploads\/sites\/9\/2015\/10\/logo-LEDribbons-500x207.jpg 500w\" sizes=\"auto, (max-width: 606px) 100vw, 606px\" \/><\/a><\/p>\n<p style=\"text-align: justify;\">\u00a0<\/p>\n\n","protected":false},"excerpt":{"rendered":"<p>excellence en mati\u00e8re d&rsquo;\u00e9clairage professionnelle pour le cin\u00e9ma, TV, photographie et toute autres domaines cr\u00e9atifs et exigeants en lumi\u00e8re<\/p>\n","protected":false},"author":1,"featured_media":0,"parent":0,"menu_order":0,"comment_status":"closed","ping_status":"closed","template":"","meta":{"footnotes":""},"class_list":["post-43","page","type-page","status-publish","hentry"],"yoast_head":"<!-- This site is optimized with the Yoast SEO plugin v14.3 - https:\/\/yoast.com\/wordpress\/plugins\/seo\/ -->\n<title>PRODUITS - SOFTLIGHTS<\/title>\n<meta name=\"description\" content=\"\u00e9clairage professionnel pour cin\u00e9ma, TV, photographie, wireless lighting, \u00e9clairage sur mesure\" \/>\n<meta name=\"robots\" content=\"index, follow\" \/>\n<meta name=\"googlebot\" content=\"index, follow, max-snippet:-1, max-image-preview:large, max-video-preview:-1\" \/>\n<meta name=\"bingbot\" content=\"index, follow, max-snippet:-1, max-image-preview:large, max-video-preview:-1\" \/>\n<link rel=\"canonical\" href=\"https:\/\/softlights.com\/fr\/softlights-produits\/\" \/>\n<meta property=\"og:locale\" content=\"fr_FR\" \/>\n<meta property=\"og:type\" content=\"article\" \/>\n<meta property=\"og:title\" content=\"PRODUITS - SOFTLIGHTS\" \/>\n<meta property=\"og:description\" content=\"\u00e9clairage professionnel pour cin\u00e9ma, TV, photographie, wireless lighting, \u00e9clairage sur mesure\" \/>\n<meta property=\"og:url\" content=\"https:\/\/softlights.com\/fr\/softlights-produits\/\" \/>\n<meta property=\"og:site_name\" content=\"SOFTLIGHTS\" \/>\n<meta property=\"article:modified_time\" content=\"2026-02-03T13:41:01+00:00\" \/>\n<meta property=\"og:image\" content=\"http:\/\/softlights.com\/fr\/wp-content\/uploads\/sites\/9\/2026\/02\/Logo-FLAME-copie-1.jpg\" \/>\n<meta name=\"twitter:card\" content=\"summary\" \/>\n<script type=\"application\/ld+json\" class=\"yoast-schema-graph\">{\"@context\":\"https:\/\/schema.org\",\"@graph\":[{\"@type\":\"WebSite\",\"@id\":\"https:\/\/softlights.com\/fr\/#website\",\"url\":\"https:\/\/softlights.com\/fr\/\",\"name\":\"SOFTLIGHTS\",\"description\":\"wireless lighting and custom solutions\",\"potentialAction\":[{\"@type\":\"SearchAction\",\"target\":\"https:\/\/softlights.com\/fr\/?s={search_term_string}\",\"query-input\":\"required name=search_term_string\"}],\"inLanguage\":\"fr-FR\"},{\"@type\":\"ImageObject\",\"@id\":\"https:\/\/softlights.com\/fr\/softlights-produits\/#primaryimage\",\"inLanguage\":\"fr-FR\",\"url\":\"http:\/\/softlights.com\/fr\/wp-content\/uploads\/sites\/9\/2026\/02\/Logo-FLAME-copie-1.jpg\"},{\"@type\":\"WebPage\",\"@id\":\"https:\/\/softlights.com\/fr\/softlights-produits\/#webpage\",\"url\":\"https:\/\/softlights.com\/fr\/softlights-produits\/\",\"name\":\"PRODUITS - SOFTLIGHTS\",\"isPartOf\":{\"@id\":\"https:\/\/softlights.com\/fr\/#website\"},\"primaryImageOfPage\":{\"@id\":\"https:\/\/softlights.com\/fr\/softlights-produits\/#primaryimage\"},\"datePublished\":\"2015-10-05T13:46:49+00:00\",\"dateModified\":\"2026-02-03T13:41:01+00:00\",\"description\":\"\\u00e9clairage professionnel pour cin\\u00e9ma, TV, photographie, wireless lighting, \\u00e9clairage sur mesure\",\"inLanguage\":\"fr-FR\",\"potentialAction\":[{\"@type\":\"ReadAction\",\"target\":[\"https:\/\/softlights.com\/fr\/softlights-produits\/\"]}]}]}<\/script>\n<!-- \/ Yoast SEO plugin. -->","_links":{"self":[{"href":"https:\/\/softlights.com\/fr\/wp-json\/wp\/v2\/pages\/43","targetHints":{"allow":["GET"]}}],"collection":[{"href":"https:\/\/softlights.com\/fr\/wp-json\/wp\/v2\/pages"}],"about":[{"href":"https:\/\/softlights.com\/fr\/wp-json\/wp\/v2\/types\/page"}],"author":[{"embeddable":true,"href":"https:\/\/softlights.com\/fr\/wp-json\/wp\/v2\/users\/1"}],"replies":[{"embeddable":true,"href":"https:\/\/softlights.com\/fr\/wp-json\/wp\/v2\/comments?post=43"}],"version-history":[{"count":55,"href":"https:\/\/softlights.com\/fr\/wp-json\/wp\/v2\/pages\/43\/revisions"}],"predecessor-version":[{"id":2204,"href":"https:\/\/softlights.com\/fr\/wp-json\/wp\/v2\/pages\/43\/revisions\/2204"}],"wp:attachment":[{"href":"https:\/\/softlights.com\/fr\/wp-json\/wp\/v2\/media?parent=43"}],"curies":[{"name":"wp","href":"https:\/\/api.w.org\/{rel}","templated":true}]}}