{"id":452,"date":"2016-10-03T14:45:31","date_gmt":"2016-10-03T13:45:31","guid":{"rendered":"http:\/\/softlights.com\/fr\/?page_id=452"},"modified":"2026-04-01T14:35:25","modified_gmt":"2026-04-01T13:35:25","slug":"softlights-eclairage-professionnel-pour-cinema-tv-photographie","status":"publish","type":"page","link":"https:\/\/softlights.com\/fr\/softlights-eclairage-professionnel-pour-cinema-tv-photographie\/","title":{"rendered":"About Us"},"content":{"rendered":"<p>\n\n\n<\/p>\n<p><mark>du fluorescent au LED, nous avons toujours &eacute;t&eacute; proches des cr&eacute;atifs et de leurs besoins.<br \/>Notre aventure nous a fait &eacute;voluer entre le cin&eacute;ma, l&rsquo;art et l&rsquo;architecture.<\/mark><\/p>\n<p>\n\n\n<p>Softlights a \u00e9t\u00e9 fond\u00e9 en 1991 par le directeur de photographie John Christian Rosenlund et le designer J\u00f8rgen Mjelva. En 1996 c&rsquo;\u00e9tait le directeur de photographie Patrick Blossier qui nous a rejoint et Henrik Moseid \u00e9tait devenu notre Pr\u00e9sident Directeur G\u00e9n\u00e9ral.<\/p>\n<p>En 2000, Softlights a \u00e9t\u00e9 le premier sur le march\u00e9 audiovisuel qui a introduit les tubes T5 et le mat\u00e9riel lumi\u00e8re control\u00e9 par Wi-Fi.<\/p>\n<p>En 2016 nous avons \u00e9t\u00e9 les premiers \u00e0 introduire le LED de la plus haute qualit\u00e9 d&rsquo;aujourd&rsquo;hui, le LED ULTRA.<\/p>\n<p>Notre savoir-faire est intimement li\u00e9 \u00e0 notre position : au c\u0153ur du cin\u00e9ma. Nos fondateurs, Patrick Blossier et John Christian Rosenlund sont tous les deux des directeurs de photographie r\u00e9put\u00e9s, et ayant plus de 100 long-m\u00e9trages pour chacun \u00e0 son compte. Cela nous donne une grande connaissance en mati\u00e8re de lumi\u00e8re et des besoins sp\u00e9cifiques du cin\u00e9ma et TV. Cette compr\u00e9hension a toujours \u00e9tait fondamentale pour le d\u00e9veloppement de nos appareils.<\/p>\n<p>SOFTLIGHTS fournit, depuis sa cr\u00e9ation, une excellence en mati\u00e8re d\u2019\u00e9clairage professionnel pour le cin\u00e9ma, TV, photographie et tous les autres domaines cr\u00e9atifs et exigeants en lumi\u00e8re.<br \/>Nous proposons toute une gamme de produits de haute qualit\u00e9 du simple <a href=\"http:\/\/softlights.com\/fr\/rubans-led\/\">ruban LED<\/a> \u00e0 installer soi-m\u00eame au projecteur complet avec DRIVER et DIMMMER sans oublier le fameux Doigt De F\u00e9e dans sa version LED bicolore.<\/p>\n<p>Notre <a href=\"https:\/\/softlights.com\/fr\/flame-by-softlights\/\">FLAME<\/a> est un <strong>unique projecteur LED qui remplace la lumi\u00e8re de la bougie.<br \/>C&rsquo;est un assemblage unique de 4 LEDs : rouge profond, ambre, lime et blanc 2200K mont\u00e9 sur un petit circuit de la taille d\u2019une flamme de bougie.<\/strong><\/p>\n<p style=\"text-align: justify;\"><span style=\"color: #999999;\"><a style=\"color: #999999;\" href=\"https:\/\/softlightsplus.com\/\">SOFTLIGHTS sur mesure<\/a><\/span><br \/>Notre philosophie consiste \u00e0 d\u00e9velopper nos produits en collaboration \u00e9troite avec les professionnels de l\u2019industrie du film et de la t\u00e9l\u00e9vision. Softlights est connue pour apporter des solutions sur mesures \u00e0 des films ayant des exigences particuli\u00e8res ou des plateaux TV complexes.<\/p>\n<p style=\"text-align: justify;\"><a href=\"http:\/\/softlights.com\/fr\/wp-content\/uploads\/2016\/02\/X-Costa-Patrick.jpg\" rel=\"attachment wp-att-nsm-1-284\"><img loading=\"lazy\" decoding=\"async\" class=\"wp-image-nsm-1-284 aligncenter\" src=\"http:\/\/softlights.com\/fr\/wp-content\/uploads\/2016\/02\/X-Costa-Patrick.jpg\" alt=\"\" width=\"300\" height=\"184\" \/><\/a><\/p>\n<p style=\"text-align: justify;\"><a href=\"http:\/\/softlights.com\/fr\/wp-content\/uploads\/sites\/9\/2015\/08\/Fluo-chanel2par-pierre.jpg\" rel=\"attachment wp-att-250\"><img loading=\"lazy\" decoding=\"async\" class=\"wp-image-250 aligncenter\" src=\"http:\/\/softlights.com\/fr\/wp-content\/uploads\/sites\/9\/2015\/08\/Fluo-chanel2par-pierre.jpg\" alt=\"Fluo chanel2par pierre\" width=\"298\" height=\"170\" \/><\/a><\/p>\n\n\n<figure class=\"wp-block-image size-full\"><a href=\"https:\/\/softlights.com\/cv\/\"><img loading=\"lazy\" decoding=\"async\" width=\"1022\" height=\"624\" src=\"https:\/\/softlights.com\/fr\/wp-content\/uploads\/sites\/9\/2023\/02\/Capture-decran-2023-02-02-a-14.09.23.png\" alt=\"\" class=\"wp-image-1087\" srcset=\"https:\/\/softlights.com\/fr\/wp-content\/uploads\/sites\/9\/2023\/02\/Capture-decran-2023-02-02-a-14.09.23.png 1022w, https:\/\/softlights.com\/fr\/wp-content\/uploads\/sites\/9\/2023\/02\/Capture-decran-2023-02-02-a-14.09.23-300x183.png 300w, https:\/\/softlights.com\/fr\/wp-content\/uploads\/sites\/9\/2023\/02\/Capture-decran-2023-02-02-a-14.09.23-768x469.png 768w, https:\/\/softlights.com\/fr\/wp-content\/uploads\/sites\/9\/2023\/02\/Capture-decran-2023-02-02-a-14.09.23-600x366.png 600w\" sizes=\"auto, (max-width: 1022px) 100vw, 1022px\" \/><\/a><\/figure>\n","protected":false},"excerpt":{"rendered":"<p>du fluorescent au LED, nous avons toujours &eacute;t&eacute; proches des cr&eacute;atifs et de leurs besoins.Notre aventure nous a fait &eacute;voluer entre le cin&eacute;ma, l&rsquo;art et l&rsquo;architecture. Softlights a \u00e9t\u00e9 fond\u00e9 en 1991 par le directeur de photographie John Christian Rosenlund et le designer J\u00f8rgen Mjelva. En 1996 c&rsquo;\u00e9tait le directeur de photographie Patrick Blossier qui&hellip; <br \/> <a class=\"read-more\" href=\"https:\/\/softlights.com\/fr\/softlights-eclairage-professionnel-pour-cinema-tv-photographie\/\">Lire la suite<\/a><\/p>\n","protected":false},"author":1,"featured_media":849,"parent":0,"menu_order":0,"comment_status":"closed","ping_status":"closed","template":"","meta":{"footnotes":""},"class_list":["post-452","page","type-page","status-publish","has-post-thumbnail","hentry"],"yoast_head":"<!-- This site is optimized with the Yoast SEO plugin v14.3 - https:\/\/yoast.com\/wordpress\/plugins\/seo\/ -->\n<title>About Us - SOFTLIGHTS<\/title>\n<meta name=\"description\" content=\"excellence d\u2019\u00e9clairage professionnel pour cin\u00e9ma, TV, photographie\" \/>\n<meta name=\"robots\" content=\"index, follow\" \/>\n<meta name=\"googlebot\" content=\"index, follow, max-snippet:-1, max-image-preview:large, max-video-preview:-1\" \/>\n<meta name=\"bingbot\" content=\"index, follow, max-snippet:-1, max-image-preview:large, max-video-preview:-1\" \/>\n<link rel=\"canonical\" href=\"https:\/\/softlights.com\/fr\/softlights-eclairage-professionnel-pour-cinema-tv-photographie\/\" \/>\n<meta property=\"og:locale\" content=\"fr_FR\" \/>\n<meta property=\"og:type\" content=\"article\" \/>\n<meta property=\"og:title\" content=\"About Us - SOFTLIGHTS\" \/>\n<meta property=\"og:description\" content=\"excellence d\u2019\u00e9clairage professionnel pour cin\u00e9ma, TV, photographie\" \/>\n<meta property=\"og:url\" content=\"https:\/\/softlights.com\/fr\/softlights-eclairage-professionnel-pour-cinema-tv-photographie\/\" \/>\n<meta property=\"og:site_name\" content=\"SOFTLIGHTS\" \/>\n<meta property=\"article:modified_time\" content=\"2026-04-01T13:35:25+00:00\" \/>\n<meta property=\"og:image\" content=\"https:\/\/softlights.com\/fr\/wp-content\/uploads\/sites\/9\/2020\/12\/1dcce0_c347daba4e084ae4a156dd4f93979d31mv2-1.jpg\" \/>\n\t<meta property=\"og:image:width\" content=\"740\" \/>\n\t<meta property=\"og:image:height\" content=\"494\" \/>\n<meta name=\"twitter:card\" content=\"summary\" \/>\n<script type=\"application\/ld+json\" class=\"yoast-schema-graph\">{\"@context\":\"https:\/\/schema.org\",\"@graph\":[{\"@type\":\"WebSite\",\"@id\":\"https:\/\/softlights.com\/fr\/#website\",\"url\":\"https:\/\/softlights.com\/fr\/\",\"name\":\"SOFTLIGHTS\",\"description\":\"wireless lighting and custom solutions\",\"potentialAction\":[{\"@type\":\"SearchAction\",\"target\":\"https:\/\/softlights.com\/fr\/?s={search_term_string}\",\"query-input\":\"required name=search_term_string\"}],\"inLanguage\":\"fr-FR\"},{\"@type\":\"ImageObject\",\"@id\":\"https:\/\/softlights.com\/fr\/softlights-eclairage-professionnel-pour-cinema-tv-photographie\/#primaryimage\",\"inLanguage\":\"fr-FR\",\"url\":\"https:\/\/softlights.com\/fr\/wp-content\/uploads\/sites\/9\/2020\/12\/1dcce0_c347daba4e084ae4a156dd4f93979d31mv2-1.jpg\",\"width\":740,\"height\":494},{\"@type\":\"WebPage\",\"@id\":\"https:\/\/softlights.com\/fr\/softlights-eclairage-professionnel-pour-cinema-tv-photographie\/#webpage\",\"url\":\"https:\/\/softlights.com\/fr\/softlights-eclairage-professionnel-pour-cinema-tv-photographie\/\",\"name\":\"About Us - SOFTLIGHTS\",\"isPartOf\":{\"@id\":\"https:\/\/softlights.com\/fr\/#website\"},\"primaryImageOfPage\":{\"@id\":\"https:\/\/softlights.com\/fr\/softlights-eclairage-professionnel-pour-cinema-tv-photographie\/#primaryimage\"},\"datePublished\":\"2016-10-03T13:45:31+00:00\",\"dateModified\":\"2026-04-01T13:35:25+00:00\",\"description\":\"excellence d\\u2019\\u00e9clairage professionnel pour cin\\u00e9ma, TV, photographie\",\"inLanguage\":\"fr-FR\",\"potentialAction\":[{\"@type\":\"ReadAction\",\"target\":[\"https:\/\/softlights.com\/fr\/softlights-eclairage-professionnel-pour-cinema-tv-photographie\/\"]}]}]}<\/script>\n<!-- \/ Yoast SEO plugin. -->","_links":{"self":[{"href":"https:\/\/softlights.com\/fr\/wp-json\/wp\/v2\/pages\/452","targetHints":{"allow":["GET"]}}],"collection":[{"href":"https:\/\/softlights.com\/fr\/wp-json\/wp\/v2\/pages"}],"about":[{"href":"https:\/\/softlights.com\/fr\/wp-json\/wp\/v2\/types\/page"}],"author":[{"embeddable":true,"href":"https:\/\/softlights.com\/fr\/wp-json\/wp\/v2\/users\/1"}],"replies":[{"embeddable":true,"href":"https:\/\/softlights.com\/fr\/wp-json\/wp\/v2\/comments?post=452"}],"version-history":[{"count":14,"href":"https:\/\/softlights.com\/fr\/wp-json\/wp\/v2\/pages\/452\/revisions"}],"predecessor-version":[{"id":2224,"href":"https:\/\/softlights.com\/fr\/wp-json\/wp\/v2\/pages\/452\/revisions\/2224"}],"wp:featuredmedia":[{"embeddable":true,"href":"https:\/\/softlights.com\/fr\/wp-json\/wp\/v2\/media\/849"}],"wp:attachment":[{"href":"https:\/\/softlights.com\/fr\/wp-json\/wp\/v2\/media?parent=452"}],"curies":[{"name":"wp","href":"https:\/\/api.w.org\/{rel}","templated":true}]}}