{"id":705,"date":"2020-12-01T18:15:34","date_gmt":"2020-12-01T17:15:34","guid":{"rendered":"http:\/\/softlights.com\/fr\/?page_id=705"},"modified":"2026-02-03T14:30:35","modified_gmt":"2026-02-03T13:30:35","slug":"eclairage-professionnel-pour-cinema-tv-photographie","status":"publish","type":"page","link":"https:\/\/softlights.com\/fr\/eclairage-professionnel-pour-cinema-tv-photographie\/","title":{"rendered":"CINEMA &#038; TV"},"content":{"rendered":"\n<hr class=\"wp-block-separator has-alpha-channel-opacity\"\/>\n\n\n<div class=\"widget widget_mslswidget\"><a href=\"https:\/\/softlights.com\/\" title=\"english\">english <img decoding=\"async\" src=\"https:\/\/softlights.com\/fr\/wp-content\/plugins\/multisite-language-switcher\/flags\/us.png\" alt=\"en_US\"\/><\/a><\/div>\n\n\n<h3 class=\"wp-block-heading has-text-align-center\"><a href=\"https:\/\/softlights.com\/fr\/blog\/\">NEWS<\/a><\/h3>\n\n\n<div class=\"wp-block-image\">\n<figure class=\"aligncenter size-full is-resized\"><a href=\"https:\/\/softlights.com\/fr\/flame-by-softlights\/\"><img loading=\"lazy\" decoding=\"async\" width=\"832\" height=\"360\" src=\"https:\/\/softlights.com\/fr\/wp-content\/uploads\/sites\/9\/2026\/02\/Logo-FLAME-copie-1.jpg\" alt=\"\" class=\"wp-image-2169\" style=\"width:601px;height:auto\" srcset=\"https:\/\/softlights.com\/fr\/wp-content\/uploads\/sites\/9\/2026\/02\/Logo-FLAME-copie-1.jpg 832w, https:\/\/softlights.com\/fr\/wp-content\/uploads\/sites\/9\/2026\/02\/Logo-FLAME-copie-1-300x130.jpg 300w, https:\/\/softlights.com\/fr\/wp-content\/uploads\/sites\/9\/2026\/02\/Logo-FLAME-copie-1-768x332.jpg 768w, https:\/\/softlights.com\/fr\/wp-content\/uploads\/sites\/9\/2026\/02\/Logo-FLAME-copie-1-600x260.jpg 600w\" sizes=\"auto, (max-width: 832px) 100vw, 832px\" \/><\/a><\/figure>\n<\/div>\n\n<p id=\"tw-target-text\" class=\"wp-block-preformatted\" style=\"text-align: center;\">PETIT MAIS PUISSANT 1800-2000K<\/p>\n\n<div class=\"wp-block-image\">\n<figure class=\"aligncenter size-large is-resized\"><a href=\"https:\/\/softlights.com\/fr\/flame-by-softlights\/\" rel=\"https:\/\/softlights.com\/fr\/flame-by-softlights\/\"><img loading=\"lazy\" decoding=\"async\" width=\"1012\" height=\"1024\" src=\"https:\/\/softlights.com\/fr\/wp-content\/uploads\/sites\/9\/2023\/05\/Capture-decran-2023-05-11-a-16.19.04-1012x1024.png\" alt=\"\" class=\"wp-image-1096\" style=\"width:458px;height:auto\" srcset=\"https:\/\/softlights.com\/fr\/wp-content\/uploads\/sites\/9\/2023\/05\/Capture-decran-2023-05-11-a-16.19.04-1012x1024.png 1012w, https:\/\/softlights.com\/fr\/wp-content\/uploads\/sites\/9\/2023\/05\/Capture-decran-2023-05-11-a-16.19.04-296x300.png 296w, https:\/\/softlights.com\/fr\/wp-content\/uploads\/sites\/9\/2023\/05\/Capture-decran-2023-05-11-a-16.19.04-768x777.png 768w, https:\/\/softlights.com\/fr\/wp-content\/uploads\/sites\/9\/2023\/05\/Capture-decran-2023-05-11-a-16.19.04-600x607.png 600w, https:\/\/softlights.com\/fr\/wp-content\/uploads\/sites\/9\/2023\/05\/Capture-decran-2023-05-11-a-16.19.04-100x100.png 100w, https:\/\/softlights.com\/fr\/wp-content\/uploads\/sites\/9\/2023\/05\/Capture-decran-2023-05-11-a-16.19.04.png 1156w\" sizes=\"auto, (max-width: 1012px) 100vw, 1012px\" \/><\/a><\/figure>\n<\/div>\n\n\n<blockquote class=\"wp-block-quote has-text-align-center has-small-font-size is-layout-flow wp-block-quote-is-layout-flow\">\n<p>test FLAME avec diff\u00e9rentes cam\u00e9ras<\/p>\n<cite>link video in high definition : <a href=\"https:\/\/softlights.com\/video\/Flame%20SOFTLIGHTS.mov\">color test FLAME VIDEO HD<\/a><\/cite><\/blockquote>\n\n\n\n<div style=\"height:31px\" aria-hidden=\"true\" class=\"wp-block-spacer\"><\/div>\n\n\n<div class=\"wp-block-image\">\n<figure class=\"aligncenter size-full is-resized\"><a href=\"https:\/\/softlights.com\/fr\/ringlight-softlights\/\"><img loading=\"lazy\" decoding=\"async\" width=\"590\" height=\"335\" src=\"https:\/\/softlights.com\/fr\/wp-content\/uploads\/sites\/9\/2026\/02\/logo-RING-2026-1.jpg\" alt=\"\" class=\"wp-image-2171\" style=\"width:549px;height:auto\" srcset=\"https:\/\/softlights.com\/fr\/wp-content\/uploads\/sites\/9\/2026\/02\/logo-RING-2026-1.jpg 590w, https:\/\/softlights.com\/fr\/wp-content\/uploads\/sites\/9\/2026\/02\/logo-RING-2026-1-300x170.jpg 300w\" sizes=\"auto, (max-width: 590px) 100vw, 590px\" \/><\/a><\/figure>\n<\/div>\n\n\n<h5 class=\"wp-block-heading has-text-align-center\"><sup>luminaire circulaire \u00e0 monter sur cam\u00e9ra<\/sup><\/h5>\n\n\n<div class=\"wp-block-image\">\n<figure class=\"aligncenter size-large is-resized\"><a href=\"https:\/\/softlights.com\/fr\/ringlight\/https:\/\/softlights.com\/fr\/ringlight-softlights\/\"><img loading=\"lazy\" decoding=\"async\" width=\"1024\" height=\"767\" src=\"https:\/\/softlights.com\/fr\/wp-content\/uploads\/sites\/9\/2023\/01\/ring-Henrik-1-1024x767.jpg\" alt=\"\" class=\"wp-image-1047\" style=\"width:378px;height:auto\" srcset=\"https:\/\/softlights.com\/fr\/wp-content\/uploads\/sites\/9\/2023\/01\/ring-Henrik-1-1024x767.jpg 1024w, https:\/\/softlights.com\/fr\/wp-content\/uploads\/sites\/9\/2023\/01\/ring-Henrik-1-300x225.jpg 300w, https:\/\/softlights.com\/fr\/wp-content\/uploads\/sites\/9\/2023\/01\/ring-Henrik-1-768x575.jpg 768w, https:\/\/softlights.com\/fr\/wp-content\/uploads\/sites\/9\/2023\/01\/ring-Henrik-1-1536x1150.jpg 1536w, https:\/\/softlights.com\/fr\/wp-content\/uploads\/sites\/9\/2023\/01\/ring-Henrik-1-2048x1534.jpg 2048w, https:\/\/softlights.com\/fr\/wp-content\/uploads\/sites\/9\/2023\/01\/ring-Henrik-1-600x449.jpg 600w\" sizes=\"auto, (max-width: 1024px) 100vw, 1024px\" \/><\/a><\/figure>\n<\/div>\n\n\n<p>&nbsp;<\/p>\n<p>&nbsp;<\/p>\n\n\n\n<div style=\"height:13px\" aria-hidden=\"true\" class=\"wp-block-spacer\"><\/div>\n\n\n<div class=\"wp-block-image\">\n<figure class=\"aligncenter size-full is-resized\"><a href=\"https:\/\/softlights.com\/fr\/punkt\/\"><img loading=\"lazy\" decoding=\"async\" width=\"832\" height=\"309\" src=\"https:\/\/softlights.com\/fr\/wp-content\/uploads\/sites\/9\/2026\/02\/logo-PUNKT-2026.jpg\" alt=\"\" class=\"wp-image-2172\" style=\"width:634px;height:auto\" srcset=\"https:\/\/softlights.com\/fr\/wp-content\/uploads\/sites\/9\/2026\/02\/logo-PUNKT-2026.jpg 832w, https:\/\/softlights.com\/fr\/wp-content\/uploads\/sites\/9\/2026\/02\/logo-PUNKT-2026-300x111.jpg 300w, https:\/\/softlights.com\/fr\/wp-content\/uploads\/sites\/9\/2026\/02\/logo-PUNKT-2026-768x285.jpg 768w, https:\/\/softlights.com\/fr\/wp-content\/uploads\/sites\/9\/2026\/02\/logo-PUNKT-2026-600x223.jpg 600w\" sizes=\"auto, (max-width: 832px) 100vw, 832px\" \/><\/a><\/figure>\n<\/div>\n\n\n<h4 class=\"wp-block-heading has-text-align-center has-small-font-size\"><sup><strong>projecteur fresnel miniature bicolor<\/strong><\/sup><\/h4>\n\n\n<div class=\"wp-block-image\">\n<figure class=\"aligncenter size-large is-resized\"><a href=\"https:\/\/softlights.com\/fr\/punkt\/\"><img loading=\"lazy\" decoding=\"async\" width=\"1024\" height=\"841\" src=\"https:\/\/softlights.com\/fr\/wp-content\/uploads\/sites\/9\/2023\/01\/PUNKT-1024x841.jpg\" alt=\"\" class=\"wp-image-1049\" style=\"width:390px;height:auto\" srcset=\"https:\/\/softlights.com\/fr\/wp-content\/uploads\/sites\/9\/2023\/01\/PUNKT-1024x841.jpg 1024w, https:\/\/softlights.com\/fr\/wp-content\/uploads\/sites\/9\/2023\/01\/PUNKT-300x246.jpg 300w, https:\/\/softlights.com\/fr\/wp-content\/uploads\/sites\/9\/2023\/01\/PUNKT-768x631.jpg 768w, https:\/\/softlights.com\/fr\/wp-content\/uploads\/sites\/9\/2023\/01\/PUNKT-1536x1261.jpg 1536w, https:\/\/softlights.com\/fr\/wp-content\/uploads\/sites\/9\/2023\/01\/PUNKT-2048x1681.jpg 2048w, https:\/\/softlights.com\/fr\/wp-content\/uploads\/sites\/9\/2023\/01\/PUNKT-600x493.jpg 600w\" sizes=\"auto, (max-width: 1024px) 100vw, 1024px\" \/><\/a><\/figure>\n<\/div>\n\n\n<h6 style=\"text-align: center;\">&nbsp;<\/h6>\n\n\n\n<div style=\"height:32px\" aria-hidden=\"true\" class=\"wp-block-spacer\"><\/div>\n\n\n<div class=\"wp-block-image\">\n<figure class=\"aligncenter size-full is-resized\"><a href=\"https:\/\/softlights.com\/fr\/dimmer\/\"><img loading=\"lazy\" decoding=\"async\" width=\"1002\" height=\"305\" src=\"https:\/\/softlights.com\/fr\/wp-content\/uploads\/sites\/9\/2026\/02\/logo-DIM-CRMX-1.jpg\" alt=\"\" class=\"wp-image-2173\" style=\"width:682px;height:auto\" srcset=\"https:\/\/softlights.com\/fr\/wp-content\/uploads\/sites\/9\/2026\/02\/logo-DIM-CRMX-1.jpg 1002w, https:\/\/softlights.com\/fr\/wp-content\/uploads\/sites\/9\/2026\/02\/logo-DIM-CRMX-1-300x91.jpg 300w, https:\/\/softlights.com\/fr\/wp-content\/uploads\/sites\/9\/2026\/02\/logo-DIM-CRMX-1-768x234.jpg 768w, https:\/\/softlights.com\/fr\/wp-content\/uploads\/sites\/9\/2026\/02\/logo-DIM-CRMX-1-600x183.jpg 600w\" sizes=\"auto, (max-width: 1002px) 100vw, 1002px\" \/><\/a><\/figure>\n<\/div>\n\n<div class=\"wp-block-image\">\n<figure class=\"aligncenter size-full is-resized\"><a href=\"https:\/\/softlights.com\/fr\/dimmer\/\"><img loading=\"lazy\" decoding=\"async\" width=\"990\" height=\"298\" src=\"https:\/\/softlights.com\/fr\/wp-content\/uploads\/sites\/9\/2026\/02\/logo-DIM-CASAMBI-1.jpg\" alt=\"\" class=\"wp-image-2174\" style=\"width:691px;height:auto\" srcset=\"https:\/\/softlights.com\/fr\/wp-content\/uploads\/sites\/9\/2026\/02\/logo-DIM-CASAMBI-1.jpg 990w, https:\/\/softlights.com\/fr\/wp-content\/uploads\/sites\/9\/2026\/02\/logo-DIM-CASAMBI-1-300x90.jpg 300w, https:\/\/softlights.com\/fr\/wp-content\/uploads\/sites\/9\/2026\/02\/logo-DIM-CASAMBI-1-768x231.jpg 768w, https:\/\/softlights.com\/fr\/wp-content\/uploads\/sites\/9\/2026\/02\/logo-DIM-CASAMBI-1-600x181.jpg 600w\" sizes=\"auto, (max-width: 990px) 100vw, 990px\" \/><\/a><\/figure>\n<\/div>\n\n\n<p class=\"has-text-align-center wp-block-heading has-small-font-size\">deux solutions et deux standard wireless<\/p>\n\n\n\n<div style=\"height:84px\" aria-hidden=\"true\" class=\"wp-block-spacer\"><\/div>\n\n\n<div class=\"wp-block-image\">\n<figure class=\"aligncenter size-large is-resized\"><a href=\"https:\/\/softlights.com\/fr\/eclairage-sur-mesure\/\"><img loading=\"lazy\" decoding=\"async\" width=\"1024\" height=\"312\" src=\"https:\/\/softlights.com\/fr\/wp-content\/uploads\/sites\/9\/2026\/02\/Logo-CUSTOM-1024x312.jpg\" alt=\"\" class=\"wp-image-2175\" style=\"width:798px;height:auto\" srcset=\"https:\/\/softlights.com\/fr\/wp-content\/uploads\/sites\/9\/2026\/02\/Logo-CUSTOM-1024x312.jpg 1024w, https:\/\/softlights.com\/fr\/wp-content\/uploads\/sites\/9\/2026\/02\/Logo-CUSTOM-300x91.jpg 300w, https:\/\/softlights.com\/fr\/wp-content\/uploads\/sites\/9\/2026\/02\/Logo-CUSTOM-768x234.jpg 768w, https:\/\/softlights.com\/fr\/wp-content\/uploads\/sites\/9\/2026\/02\/Logo-CUSTOM-600x183.jpg 600w, https:\/\/softlights.com\/fr\/wp-content\/uploads\/sites\/9\/2026\/02\/Logo-CUSTOM.jpg 1027w\" sizes=\"auto, (max-width: 1024px) 100vw, 1024px\" \/><\/a><\/figure>\n<\/div>\n\n\n<p style=\"text-align: center;\">\u00a0<\/p>\n<p class=\"has-small-font-size\" style=\"text-align: center;\"><sup>Softlights a fourni ses projecteurs \u00e0 des milliers de films.<br \/>Pendant nos 25 ans d\u2019existence, nous sommes cr\u00e9dit\u00e9s sur des films comme Mad City, <br \/>Vicky Cristina Barcelona, Amen, The Wave et autres. Nous avons \u00e9galement propos\u00e9 <br \/>nos solutions sur mesure pour Dior, Eres, Issey Miyake ou Mus\u00e9e de Picasso, entre autres.<\/sup><\/p>\n\n\n\n<div style=\"height:28px\" aria-hidden=\"true\" class=\"wp-block-spacer\"><\/div>\n\n\n<div class=\"wp-block-image\">\n<figure class=\"aligncenter\"><a href=\"http:\/\/softlights.com\/fr\/rubans-led\/\" rel=\"attachment wp-att-460\"><img loading=\"lazy\" decoding=\"async\" width=\"606\" height=\"251\" src=\"http:\/\/softlights.com\/fr\/wp-content\/uploads\/sites\/9\/2015\/10\/logo-LEDribbons.jpg\" alt=\"logo-ledribbons\" class=\"wp-image-460\" srcset=\"https:\/\/softlights.com\/fr\/wp-content\/uploads\/sites\/9\/2015\/10\/logo-LEDribbons.jpg 606w, https:\/\/softlights.com\/fr\/wp-content\/uploads\/sites\/9\/2015\/10\/logo-LEDribbons-300x124.jpg 300w, https:\/\/softlights.com\/fr\/wp-content\/uploads\/sites\/9\/2015\/10\/logo-LEDribbons-500x207.jpg 500w\" sizes=\"auto, (max-width: 606px) 100vw, 606px\" \/><\/a><\/figure>\n<\/div>\n\n\n\n\n<div style=\"height:20px\" aria-hidden=\"true\" class=\"wp-block-spacer\"><\/div>\n\n\n\n<p class=\"has-text-align-center has-small-font-size\"><sup>En ao\u00fbt 2016, le NRK\/FNF (Soci\u00e9t\u00e9 de Radiodiffusion Norv\u00e9gienne, Association Norv\u00e9gienne des Directeurs de Photographie)<br \/>a test\u00e9 8 projecteurs bi-colors TLCI les plus utilis\u00e9s. Dans tous les tests, c\u2019\u00e9taient les LED Softlights qui ont obtenu le plus haut score TLCI. <br \/>Nos LED ont \u00e9t\u00e9 \u00e9valu\u00e9s \u00e0 99 et 98 (sur 100) aussi bien en <strong>Daylight qu&rsquo;en Tungsten.<br \/>Le m\u00eame test montre que le LED Softlights pr\u00e9sente une courbe spectrale la plus proche des sources de r\u00e9f\u00e9rence <br \/>comme la lumi\u00e8re du jour et de l&rsquo;halog\u00e8ne.<\/strong><\/sup><\/p>\n\n\n\n<p>&nbsp;<\/p>\n\n\n\n<div style=\"height:21px\" aria-hidden=\"true\" class=\"wp-block-spacer\"><\/div>\n\n\n<div class=\"wp-block-image\">\n<figure class=\"aligncenter size-large is-resized\"><a href=\"http:\/\/softlights.com\/fr\/wp-content\/uploads\/sites\/9\/2016\/03\/en-tete.jpg\"><img loading=\"lazy\" decoding=\"async\" width=\"1024\" height=\"319\" src=\"http:\/\/softlights.com\/fr\/wp-content\/uploads\/sites\/9\/2016\/03\/en-tete-1024x319.jpg\" alt=\"\" class=\"wp-image-268\" style=\"width:381px;height:auto\" srcset=\"https:\/\/softlights.com\/fr\/wp-content\/uploads\/sites\/9\/2016\/03\/en-tete-1024x319.jpg 1024w, https:\/\/softlights.com\/fr\/wp-content\/uploads\/sites\/9\/2016\/03\/en-tete-300x93.jpg 300w, https:\/\/softlights.com\/fr\/wp-content\/uploads\/sites\/9\/2016\/03\/en-tete-768x239.jpg 768w, https:\/\/softlights.com\/fr\/wp-content\/uploads\/sites\/9\/2016\/03\/en-tete-783x244.jpg 783w, https:\/\/softlights.com\/fr\/wp-content\/uploads\/sites\/9\/2016\/03\/en-tete-1180x367.jpg 1180w, https:\/\/softlights.com\/fr\/wp-content\/uploads\/sites\/9\/2016\/03\/en-tete-1543x480.jpg 1543w, https:\/\/softlights.com\/fr\/wp-content\/uploads\/sites\/9\/2016\/03\/en-tete-563x175.jpg 563w\" sizes=\"auto, (max-width: 1024px) 100vw, 1024px\" \/><\/a><\/figure>\n<\/div>","protected":false},"excerpt":{"rendered":"<p>excellence en mati\u00e8re d&rsquo;\u00e9clairage professionnelle pour le cin\u00e9ma, TV, photographie et toute autres domaines cr\u00e9atifs et exigeants en lumi\u00e8re<\/p>\n","protected":false},"author":1,"featured_media":0,"parent":0,"menu_order":0,"comment_status":"closed","ping_status":"closed","template":"","meta":{"footnotes":""},"class_list":["post-705","page","type-page","status-publish","hentry"],"yoast_head":"<!-- This site is optimized with the Yoast SEO plugin v14.3 - https:\/\/yoast.com\/wordpress\/plugins\/seo\/ -->\n<title>CINEMA &amp; TV - SOFTLIGHTS<\/title>\n<meta name=\"description\" content=\"\u00e9clairage professionnel pour cin\u00e9ma, TV, photographie, wireless lighting, \u00e9clairage sur mesure\" \/>\n<meta name=\"robots\" content=\"index, follow\" \/>\n<meta name=\"googlebot\" content=\"index, follow, max-snippet:-1, max-image-preview:large, max-video-preview:-1\" \/>\n<meta name=\"bingbot\" content=\"index, follow, max-snippet:-1, max-image-preview:large, max-video-preview:-1\" \/>\n<link rel=\"canonical\" href=\"https:\/\/softlights.com\/fr\/eclairage-professionnel-pour-cinema-tv-photographie\/\" \/>\n<meta property=\"og:locale\" content=\"fr_FR\" \/>\n<meta property=\"og:type\" content=\"article\" \/>\n<meta property=\"og:title\" content=\"CINEMA &amp; TV - SOFTLIGHTS\" \/>\n<meta property=\"og:description\" content=\"\u00e9clairage professionnel pour cin\u00e9ma, TV, photographie, wireless lighting, \u00e9clairage sur mesure\" \/>\n<meta property=\"og:url\" content=\"https:\/\/softlights.com\/fr\/eclairage-professionnel-pour-cinema-tv-photographie\/\" \/>\n<meta property=\"og:site_name\" content=\"SOFTLIGHTS\" \/>\n<meta property=\"article:modified_time\" content=\"2026-02-03T13:30:35+00:00\" \/>\n<meta property=\"og:image\" content=\"https:\/\/softlights.com\/fr\/wp-content\/uploads\/sites\/9\/2026\/02\/Logo-FLAME-copie-1.jpg\" \/>\n<meta name=\"twitter:card\" content=\"summary\" \/>\n<script type=\"application\/ld+json\" class=\"yoast-schema-graph\">{\"@context\":\"https:\/\/schema.org\",\"@graph\":[{\"@type\":\"WebSite\",\"@id\":\"https:\/\/softlights.com\/fr\/#website\",\"url\":\"https:\/\/softlights.com\/fr\/\",\"name\":\"SOFTLIGHTS\",\"description\":\"wireless lighting and custom solutions\",\"potentialAction\":[{\"@type\":\"SearchAction\",\"target\":\"https:\/\/softlights.com\/fr\/?s={search_term_string}\",\"query-input\":\"required name=search_term_string\"}],\"inLanguage\":\"fr-FR\"},{\"@type\":\"ImageObject\",\"@id\":\"https:\/\/softlights.com\/fr\/eclairage-professionnel-pour-cinema-tv-photographie\/#primaryimage\",\"inLanguage\":\"fr-FR\",\"url\":\"https:\/\/softlights.com\/fr\/wp-content\/uploads\/sites\/9\/2026\/02\/Logo-FLAME-copie-1.jpg\",\"width\":832,\"height\":360},{\"@type\":\"WebPage\",\"@id\":\"https:\/\/softlights.com\/fr\/eclairage-professionnel-pour-cinema-tv-photographie\/#webpage\",\"url\":\"https:\/\/softlights.com\/fr\/eclairage-professionnel-pour-cinema-tv-photographie\/\",\"name\":\"CINEMA & TV - SOFTLIGHTS\",\"isPartOf\":{\"@id\":\"https:\/\/softlights.com\/fr\/#website\"},\"primaryImageOfPage\":{\"@id\":\"https:\/\/softlights.com\/fr\/eclairage-professionnel-pour-cinema-tv-photographie\/#primaryimage\"},\"datePublished\":\"2020-12-01T17:15:34+00:00\",\"dateModified\":\"2026-02-03T13:30:35+00:00\",\"description\":\"\\u00e9clairage professionnel pour cin\\u00e9ma, TV, photographie, wireless lighting, \\u00e9clairage sur mesure\",\"inLanguage\":\"fr-FR\",\"potentialAction\":[{\"@type\":\"ReadAction\",\"target\":[\"https:\/\/softlights.com\/fr\/eclairage-professionnel-pour-cinema-tv-photographie\/\"]}]}]}<\/script>\n<!-- \/ Yoast SEO plugin. -->","_links":{"self":[{"href":"https:\/\/softlights.com\/fr\/wp-json\/wp\/v2\/pages\/705","targetHints":{"allow":["GET"]}}],"collection":[{"href":"https:\/\/softlights.com\/fr\/wp-json\/wp\/v2\/pages"}],"about":[{"href":"https:\/\/softlights.com\/fr\/wp-json\/wp\/v2\/types\/page"}],"author":[{"embeddable":true,"href":"https:\/\/softlights.com\/fr\/wp-json\/wp\/v2\/users\/1"}],"replies":[{"embeddable":true,"href":"https:\/\/softlights.com\/fr\/wp-json\/wp\/v2\/comments?post=705"}],"version-history":[{"count":87,"href":"https:\/\/softlights.com\/fr\/wp-json\/wp\/v2\/pages\/705\/revisions"}],"predecessor-version":[{"id":2222,"href":"https:\/\/softlights.com\/fr\/wp-json\/wp\/v2\/pages\/705\/revisions\/2222"}],"wp:attachment":[{"href":"https:\/\/softlights.com\/fr\/wp-json\/wp\/v2\/media?parent=705"}],"curies":[{"name":"wp","href":"https:\/\/api.w.org\/{rel}","templated":true}]}}