{"id":91,"date":"2016-01-21T17:20:30","date_gmt":"2016-01-21T16:20:30","guid":{"rendered":"http:\/\/softlights.com\/store\/?page_id=91"},"modified":"2025-06-10T16:40:19","modified_gmt":"2025-06-10T15:40:19","slug":"contact","status":"publish","type":"page","link":"https:\/\/softlights.com\/fr\/contact\/","title":{"rendered":"CONTACT"},"content":{"rendered":"<p><strong>Henrik Moseid<\/strong><br \/>\nManaging Director\u00a0 since 1996<\/p>\n<p>20, quai de la Loire<br \/>\n75019 Paris, FRANCE<br \/>\nTel: +33 (0) 144 728 000<br \/>\n<a href=\"mailto:%20info@softlights.com\">contact@softlights.com<\/a><\/p>\n<p><iframe loading=\"lazy\" src=\"https:\/\/maps.google.fr\/maps?f=q&amp;source=s_q&amp;hl=fr&amp;geocode=&amp;q=20+Quai+de+la+Loire,+Paris&amp;aq=0&amp;oq=20+quai+de+la+loira&amp;sll=48.858859,2.34706&amp;sspn=0.158114,0.304527&amp;ie=UTF8&amp;hq=&amp;hnear=20+Quai+de+la+Loire,+75019+Paris&amp;t=m&amp;ll=48.885461,2.372918&amp;spn=0.013545,0.027466&amp;z=15&amp;output=embed\" width=\"449\" height=\"449\" frameborder=\"0\" marginwidth=\"0\" marginheight=\"0\" scrolling=\"no\"><\/iframe><br \/>\n<small><a style=\"color: #0000ff; text-align: left;\" href=\"https:\/\/maps.google.fr\/maps?f=q&amp;source=embed&amp;hl=fr&amp;geocode=&amp;q=20+Quai+de+la+Loire,+Paris&amp;aq=0&amp;oq=20+quai+de+la+loira&amp;sll=48.858859,2.34706&amp;sspn=0.158114,0.304527&amp;ie=UTF8&amp;hq=&amp;hnear=20+Quai+de+la+Loire,+75019+Paris&amp;t=m&amp;ll=48.885461,2.372918&amp;spn=0.013545,0.027466&amp;z=15\">Agrandir le plan<\/a><\/small><\/p>\n<p>Pour y acc\u00e9der<br \/>\n&#8211; depuis l&rsquo;avenue Jean Jaur\u00e8s, prendre la rue de la Moselle (entre h\u00f4tel IBIS , 59 av Jean Jaur\u00e8s et la CAF) et tourner \u00e0 gauche sur le quai.<br \/>\n&#8211; depuis l&rsquo;avenue de Flandre, prendre la rue de Crim\u00e9e et tourner tout de suite \u00e0 droite apr\u00e8s le pont<br \/>\n&#8211; derri\u00e8re le cin\u00e9ma MK2 Quai de Loire<\/p>\n","protected":false},"excerpt":{"rendered":"<p>Henrik Moseid Managing Director\u00a0 since 1996 20, quai de la Loire 75019 Paris, FRANCE Tel: +33 (0) 144 728 000 contact@softlights.com Agrandir le plan Pour y acc\u00e9der &#8211; depuis l&rsquo;avenue Jean Jaur\u00e8s, prendre la rue de la Moselle (entre h\u00f4tel IBIS , 59 av Jean Jaur\u00e8s et la CAF) et tourner \u00e0 gauche sur le&hellip; <br \/> <a class=\"read-more\" href=\"https:\/\/softlights.com\/fr\/contact\/\">Lire la suite<\/a><\/p>\n","protected":false},"author":1,"featured_media":1383,"parent":0,"menu_order":0,"comment_status":"closed","ping_status":"closed","template":"","meta":{"footnotes":""},"class_list":["post-91","page","type-page","status-publish","has-post-thumbnail","hentry"],"yoast_head":"<!-- This site is optimized with the Yoast SEO plugin v14.3 - https:\/\/yoast.com\/wordpress\/plugins\/seo\/ -->\n<title>CONTACT - SOFTLIGHTS<\/title>\n<meta name=\"description\" content=\"d\u00e9veloppement et production des \u00e9quipements d\u2019\u00e9clairage de pointe\" \/>\n<meta name=\"robots\" content=\"index, follow\" \/>\n<meta name=\"googlebot\" content=\"index, follow, max-snippet:-1, max-image-preview:large, max-video-preview:-1\" \/>\n<meta name=\"bingbot\" content=\"index, follow, max-snippet:-1, max-image-preview:large, max-video-preview:-1\" \/>\n<link rel=\"canonical\" href=\"https:\/\/softlights.com\/fr\/contact\/\" \/>\n<meta property=\"og:locale\" content=\"fr_FR\" \/>\n<meta property=\"og:type\" content=\"article\" \/>\n<meta property=\"og:title\" content=\"CONTACT - SOFTLIGHTS\" \/>\n<meta property=\"og:description\" content=\"d\u00e9veloppement et production des \u00e9quipements d\u2019\u00e9clairage de pointe\" \/>\n<meta property=\"og:url\" content=\"https:\/\/softlights.com\/fr\/contact\/\" \/>\n<meta property=\"og:site_name\" content=\"SOFTLIGHTS\" \/>\n<meta property=\"article:modified_time\" content=\"2025-06-10T15:40:19+00:00\" \/>\n<meta property=\"og:image\" content=\"https:\/\/softlights.com\/fr\/wp-content\/uploads\/sites\/9\/2025\/01\/image-flame-2-scaled.jpg\" \/>\n\t<meta property=\"og:image:width\" content=\"2560\" \/>\n\t<meta property=\"og:image:height\" content=\"1435\" \/>\n<meta name=\"twitter:card\" content=\"summary\" \/>\n<script type=\"application\/ld+json\" class=\"yoast-schema-graph\">{\"@context\":\"https:\/\/schema.org\",\"@graph\":[{\"@type\":\"WebSite\",\"@id\":\"https:\/\/softlights.com\/fr\/#website\",\"url\":\"https:\/\/softlights.com\/fr\/\",\"name\":\"SOFTLIGHTS\",\"description\":\"wireless lighting and custom solutions\",\"potentialAction\":[{\"@type\":\"SearchAction\",\"target\":\"https:\/\/softlights.com\/fr\/?s={search_term_string}\",\"query-input\":\"required name=search_term_string\"}],\"inLanguage\":\"fr-FR\"},{\"@type\":\"ImageObject\",\"@id\":\"https:\/\/softlights.com\/fr\/contact\/#primaryimage\",\"inLanguage\":\"fr-FR\",\"url\":\"https:\/\/softlights.com\/fr\/wp-content\/uploads\/sites\/9\/2025\/01\/image-flame-2-scaled.jpg\",\"width\":2560,\"height\":1435},{\"@type\":\"WebPage\",\"@id\":\"https:\/\/softlights.com\/fr\/contact\/#webpage\",\"url\":\"https:\/\/softlights.com\/fr\/contact\/\",\"name\":\"CONTACT - SOFTLIGHTS\",\"isPartOf\":{\"@id\":\"https:\/\/softlights.com\/fr\/#website\"},\"primaryImageOfPage\":{\"@id\":\"https:\/\/softlights.com\/fr\/contact\/#primaryimage\"},\"datePublished\":\"2016-01-21T16:20:30+00:00\",\"dateModified\":\"2025-06-10T15:40:19+00:00\",\"description\":\"d\\u00e9veloppement et production des \\u00e9quipements d\\u2019\\u00e9clairage de pointe\",\"inLanguage\":\"fr-FR\",\"potentialAction\":[{\"@type\":\"ReadAction\",\"target\":[\"https:\/\/softlights.com\/fr\/contact\/\"]}]}]}<\/script>\n<!-- \/ Yoast SEO plugin. -->","_links":{"self":[{"href":"https:\/\/softlights.com\/fr\/wp-json\/wp\/v2\/pages\/91","targetHints":{"allow":["GET"]}}],"collection":[{"href":"https:\/\/softlights.com\/fr\/wp-json\/wp\/v2\/pages"}],"about":[{"href":"https:\/\/softlights.com\/fr\/wp-json\/wp\/v2\/types\/page"}],"author":[{"embeddable":true,"href":"https:\/\/softlights.com\/fr\/wp-json\/wp\/v2\/users\/1"}],"replies":[{"embeddable":true,"href":"https:\/\/softlights.com\/fr\/wp-json\/wp\/v2\/comments?post=91"}],"version-history":[{"count":10,"href":"https:\/\/softlights.com\/fr\/wp-json\/wp\/v2\/pages\/91\/revisions"}],"predecessor-version":[{"id":981,"href":"https:\/\/softlights.com\/fr\/wp-json\/wp\/v2\/pages\/91\/revisions\/981"}],"wp:featuredmedia":[{"embeddable":true,"href":"https:\/\/softlights.com\/fr\/wp-json\/wp\/v2\/media\/1383"}],"wp:attachment":[{"href":"https:\/\/softlights.com\/fr\/wp-json\/wp\/v2\/media?parent=91"}],"curies":[{"name":"wp","href":"https:\/\/api.w.org\/{rel}","templated":true}]}}