{"id":96,"date":"2016-01-21T17:31:52","date_gmt":"2016-01-21T16:31:52","guid":{"rendered":"http:\/\/softlights.com\/store\/?page_id=96"},"modified":"2026-01-16T16:02:16","modified_gmt":"2026-01-16T15:02:16","slug":"eclairage-sur-mesure","status":"publish","type":"page","link":"https:\/\/softlights.com\/fr\/eclairage-sur-mesure\/","title":{"rendered":"Sur mesure"},"content":{"rendered":"\n<p>Partenaire de confiance des \u00e9quipes de tournage et des concepteurs lumi\u00e8re, Softlights d\u00e9veloppe des solutions d\u2019\u00e9clairage sur mesure, fiables et adapt\u00e9es aux contraintes techniques et artistiques.<br>Softlights a livr\u00e9 des solutions d\u2019\u00e9clairage pour des films et des s\u00e9ries TV, pour le lighting design architectural, ainsi que pour des centaines des plus prestigieux d\u00e9fil\u00e9s de mode \u00e0 Paris.<br>Softlights a fourni un contr\u00f4le pr\u00e9cis de la lumi\u00e8re et de la couleur pour les laboratoires DxO \u00e0 travers le monde, une r\u00e9f\u00e9rence pour de nombreuses grandes entreprises.<\/p>\n\n\n<div class=\"wp-block-image\">\n<figure class=\"aligncenter size-large\"><img loading=\"lazy\" decoding=\"async\" width=\"740\" height=\"616\" src=\"http:\/\/softlights.com\/fr\/wp-content\/uploads\/sites\/9\/2020\/12\/1dcce0_f5ced5f50d5a4497a7696d631f9cf268mv2.jpg\" alt=\"\" class=\"wp-image-624\" srcset=\"https:\/\/softlights.com\/fr\/wp-content\/uploads\/sites\/9\/2020\/12\/1dcce0_f5ced5f50d5a4497a7696d631f9cf268mv2.jpg 740w, https:\/\/softlights.com\/fr\/wp-content\/uploads\/sites\/9\/2020\/12\/1dcce0_f5ced5f50d5a4497a7696d631f9cf268mv2-300x250.jpg 300w, https:\/\/softlights.com\/fr\/wp-content\/uploads\/sites\/9\/2020\/12\/1dcce0_f5ced5f50d5a4497a7696d631f9cf268mv2-600x499.jpg 600w\" sizes=\"auto, (max-width: 740px) 100vw, 740px\" \/><\/figure>\n<\/div>\n\n\n<div style=\"height:11px\" aria-hidden=\"true\" class=\"wp-block-spacer\"><\/div>\n\n\n<div class=\"wp-block-image\">\n<figure class=\"aligncenter size-large is-resized\"><img loading=\"lazy\" decoding=\"async\" width=\"1024\" height=\"276\" src=\"http:\/\/softlights.com\/fr\/wp-content\/uploads\/sites\/9\/2024\/02\/Ecole-Ducasse-1024x276.jpg\" alt=\"\" class=\"wp-image-1213\" style=\"width:820px;height:auto\" srcset=\"https:\/\/softlights.com\/fr\/wp-content\/uploads\/sites\/9\/2024\/02\/Ecole-Ducasse-1024x276.jpg 1024w, https:\/\/softlights.com\/fr\/wp-content\/uploads\/sites\/9\/2024\/02\/Ecole-Ducasse-300x81.jpg 300w, https:\/\/softlights.com\/fr\/wp-content\/uploads\/sites\/9\/2024\/02\/Ecole-Ducasse-768x207.jpg 768w, https:\/\/softlights.com\/fr\/wp-content\/uploads\/sites\/9\/2024\/02\/Ecole-Ducasse-1536x414.jpg 1536w, https:\/\/softlights.com\/fr\/wp-content\/uploads\/sites\/9\/2024\/02\/Ecole-Ducasse-2048x553.jpg 2048w, https:\/\/softlights.com\/fr\/wp-content\/uploads\/sites\/9\/2024\/02\/Ecole-Ducasse-600x162.jpg 600w\" sizes=\"auto, (max-width: 1024px) 100vw, 1024px\" \/><\/figure>\n<\/div>\n\n\n<div style=\"height:4px\" aria-hidden=\"true\" class=\"wp-block-spacer\"><\/div>\n\n\n<div class=\"wp-block-image\">\n<figure class=\"aligncenter size-large is-resized\"><img loading=\"lazy\" decoding=\"async\" width=\"1024\" height=\"683\" src=\"http:\/\/softlights.com\/fr\/wp-content\/uploads\/sites\/9\/2024\/02\/usine-11-copie-1024x683.jpeg\" alt=\"\" class=\"wp-image-1226\" style=\"width:755px;height:auto\" srcset=\"https:\/\/softlights.com\/fr\/wp-content\/uploads\/sites\/9\/2024\/02\/usine-11-copie-1024x683.jpeg 1024w, https:\/\/softlights.com\/fr\/wp-content\/uploads\/sites\/9\/2024\/02\/usine-11-copie-300x200.jpeg 300w, https:\/\/softlights.com\/fr\/wp-content\/uploads\/sites\/9\/2024\/02\/usine-11-copie-768x512.jpeg 768w, https:\/\/softlights.com\/fr\/wp-content\/uploads\/sites\/9\/2024\/02\/usine-11-copie-1536x1024.jpeg 1536w, https:\/\/softlights.com\/fr\/wp-content\/uploads\/sites\/9\/2024\/02\/usine-11-copie-2048x1365.jpeg 2048w, https:\/\/softlights.com\/fr\/wp-content\/uploads\/sites\/9\/2024\/02\/usine-11-copie-600x400.jpeg 600w\" sizes=\"auto, (max-width: 1024px) 100vw, 1024px\" \/><\/figure>\n<\/div>\n\n\n<div style=\"height:8px\" aria-hidden=\"true\" class=\"wp-block-spacer\"><\/div>\n\n\n<div class=\"wp-block-image\">\n<figure class=\"aligncenter size-large is-resized\"><img loading=\"lazy\" decoding=\"async\" width=\"1024\" height=\"768\" src=\"http:\/\/softlights.com\/fr\/wp-content\/uploads\/sites\/9\/2016\/05\/Ils-se-marierent...-1024x768.jpg\" alt=\"\" class=\"wp-image-318\" style=\"width:760px;height:auto\" srcset=\"https:\/\/softlights.com\/fr\/wp-content\/uploads\/sites\/9\/2016\/05\/Ils-se-marierent...-1024x768.jpg 1024w, https:\/\/softlights.com\/fr\/wp-content\/uploads\/sites\/9\/2016\/05\/Ils-se-marierent...-300x225.jpg 300w, https:\/\/softlights.com\/fr\/wp-content\/uploads\/sites\/9\/2016\/05\/Ils-se-marierent...-768x576.jpg 768w, https:\/\/softlights.com\/fr\/wp-content\/uploads\/sites\/9\/2016\/05\/Ils-se-marierent...-783x587.jpg 783w, https:\/\/softlights.com\/fr\/wp-content\/uploads\/sites\/9\/2016\/05\/Ils-se-marierent...-1180x885.jpg 1180w, https:\/\/softlights.com\/fr\/wp-content\/uploads\/sites\/9\/2016\/05\/Ils-se-marierent...-1365x1024.jpg 1365w, https:\/\/softlights.com\/fr\/wp-content\/uploads\/sites\/9\/2016\/05\/Ils-se-marierent...-640x480.jpg 640w, https:\/\/softlights.com\/fr\/wp-content\/uploads\/sites\/9\/2016\/05\/Ils-se-marierent...-233x175.jpg 233w\" sizes=\"auto, (max-width: 1024px) 100vw, 1024px\" \/><\/figure>\n<\/div>\n\n\n<div style=\"height:9px\" aria-hidden=\"true\" class=\"wp-block-spacer\"><\/div>\n\n\n<div class=\"wp-block-image\">\n<figure class=\"aligncenter size-full is-resized\"><img loading=\"lazy\" decoding=\"async\" width=\"907\" height=\"671\" src=\"http:\/\/softlights.com\/fr\/wp-content\/uploads\/sites\/9\/2024\/02\/Capture-decran-2024-02-01-a-13.16.06.png\" alt=\"\" class=\"wp-image-1170\" style=\"width:760px;height:auto\" srcset=\"https:\/\/softlights.com\/fr\/wp-content\/uploads\/sites\/9\/2024\/02\/Capture-decran-2024-02-01-a-13.16.06.png 907w, https:\/\/softlights.com\/fr\/wp-content\/uploads\/sites\/9\/2024\/02\/Capture-decran-2024-02-01-a-13.16.06-300x222.png 300w, https:\/\/softlights.com\/fr\/wp-content\/uploads\/sites\/9\/2024\/02\/Capture-decran-2024-02-01-a-13.16.06-768x568.png 768w, https:\/\/softlights.com\/fr\/wp-content\/uploads\/sites\/9\/2024\/02\/Capture-decran-2024-02-01-a-13.16.06-600x444.png 600w\" sizes=\"auto, (max-width: 907px) 100vw, 907px\" \/><\/figure>\n<\/div>\n\n\n<p class=\"has-text-align-center\"><sup>Nous avons eu le plaisir de travailler avec les plus grandes galerie d&rsquo;art et des artistes photographes d\u00e9sirant la plus grande qualit\u00e9 en mati\u00e8re de photo-r\u00e9tro\u00e9clairage.\u00a0<\/sup><\/p>\n\n\n\n<div style=\"height:1px\" aria-hidden=\"true\" class=\"wp-block-spacer\"><\/div>\n\n\n<div class=\"wp-block-image\">\n<figure class=\"aligncenter is-resized\"><img decoding=\"async\" src=\"http:\/\/softlights.com\/wp-content\/uploads\/2020\/06\/caissons-lumineux.jpg\" alt=\"This image has an empty alt attribute; its file name is caissons-lumineux.jpg\" style=\"width:764px;height:auto\"\/><figcaption class=\"wp-element-caption\">Yang Yong Liang and one of his lightboxes<\/figcaption><\/figure>\n<\/div>\n\n\n<p>See our special art and photography department on <br data-rich-text-line-break=\"true\"><a href=\"http:\/\/www.societelumiere.com\/\"><strong>societelumiere.com<\/strong><\/a><\/p>\n<p>See our special lighting design department on <br data-rich-text-line-break=\"true\"><a href=\"http:\/\/www.softlightsplus.com\"><strong>softlightsplus.com<\/strong><\/a><\/p>\n\n\n","protected":false},"excerpt":{"rendered":"<p>Partenaire de confiance des \u00e9quipes de tournage et des concepteurs lumi\u00e8re, Softlights d\u00e9veloppe des solutions d\u2019\u00e9clairage sur mesure, fiables et adapt\u00e9es aux contraintes techniques et artistiques.Softlights a livr\u00e9 des solutions d\u2019\u00e9clairage pour des films et des s\u00e9ries TV, pour le lighting design architectural, ainsi que pour des centaines des plus prestigieux d\u00e9fil\u00e9s de mode \u00e0&hellip; <br \/> <a class=\"read-more\" href=\"https:\/\/softlights.com\/fr\/eclairage-sur-mesure\/\">Lire la suite<\/a><\/p>\n","protected":false},"author":1,"featured_media":1169,"parent":0,"menu_order":0,"comment_status":"closed","ping_status":"closed","template":"","meta":{"footnotes":""},"class_list":["post-96","page","type-page","status-publish","has-post-thumbnail","hentry"],"yoast_head":"<!-- This site is optimized with the Yoast SEO plugin v14.3 - https:\/\/yoast.com\/wordpress\/plugins\/seo\/ -->\n<title>Sur mesure - SOFTLIGHTS<\/title>\n<meta name=\"description\" content=\"\u00e9clairage professionnel pour cin\u00e9ma, TV, photographie, wireless lighting, \u00e9clairage sur mesure\" \/>\n<meta name=\"robots\" content=\"index, follow\" \/>\n<meta name=\"googlebot\" content=\"index, follow, max-snippet:-1, max-image-preview:large, max-video-preview:-1\" \/>\n<meta name=\"bingbot\" content=\"index, follow, max-snippet:-1, max-image-preview:large, max-video-preview:-1\" \/>\n<link rel=\"canonical\" href=\"https:\/\/softlights.com\/fr\/eclairage-sur-mesure\/\" \/>\n<meta property=\"og:locale\" content=\"fr_FR\" \/>\n<meta property=\"og:type\" content=\"article\" \/>\n<meta property=\"og:title\" content=\"Sur mesure - SOFTLIGHTS\" \/>\n<meta property=\"og:description\" content=\"\u00e9clairage professionnel pour cin\u00e9ma, TV, photographie, wireless lighting, \u00e9clairage sur mesure\" \/>\n<meta property=\"og:url\" content=\"https:\/\/softlights.com\/fr\/eclairage-sur-mesure\/\" \/>\n<meta property=\"og:site_name\" content=\"SOFTLIGHTS\" \/>\n<meta property=\"article:modified_time\" content=\"2026-01-16T15:02:16+00:00\" \/>\n<meta property=\"og:image\" content=\"https:\/\/softlights.com\/fr\/wp-content\/uploads\/sites\/9\/2024\/02\/Capture-decran-2024-02-01-a-13.13.42.png\" \/>\n\t<meta property=\"og:image:width\" content=\"1077\" \/>\n\t<meta property=\"og:image:height\" content=\"808\" \/>\n<meta name=\"twitter:card\" content=\"summary\" \/>\n<script type=\"application\/ld+json\" class=\"yoast-schema-graph\">{\"@context\":\"https:\/\/schema.org\",\"@graph\":[{\"@type\":\"WebSite\",\"@id\":\"https:\/\/softlights.com\/fr\/#website\",\"url\":\"https:\/\/softlights.com\/fr\/\",\"name\":\"SOFTLIGHTS\",\"description\":\"wireless lighting and custom solutions\",\"potentialAction\":[{\"@type\":\"SearchAction\",\"target\":\"https:\/\/softlights.com\/fr\/?s={search_term_string}\",\"query-input\":\"required name=search_term_string\"}],\"inLanguage\":\"fr-FR\"},{\"@type\":\"ImageObject\",\"@id\":\"https:\/\/softlights.com\/fr\/eclairage-sur-mesure\/#primaryimage\",\"inLanguage\":\"fr-FR\",\"url\":\"https:\/\/softlights.com\/fr\/wp-content\/uploads\/sites\/9\/2024\/02\/Capture-decran-2024-02-01-a-13.13.42.png\",\"width\":1077,\"height\":808},{\"@type\":\"WebPage\",\"@id\":\"https:\/\/softlights.com\/fr\/eclairage-sur-mesure\/#webpage\",\"url\":\"https:\/\/softlights.com\/fr\/eclairage-sur-mesure\/\",\"name\":\"Sur mesure - SOFTLIGHTS\",\"isPartOf\":{\"@id\":\"https:\/\/softlights.com\/fr\/#website\"},\"primaryImageOfPage\":{\"@id\":\"https:\/\/softlights.com\/fr\/eclairage-sur-mesure\/#primaryimage\"},\"datePublished\":\"2016-01-21T16:31:52+00:00\",\"dateModified\":\"2026-01-16T15:02:16+00:00\",\"description\":\"\\u00e9clairage professionnel pour cin\\u00e9ma, TV, photographie, wireless lighting, \\u00e9clairage sur mesure\",\"inLanguage\":\"fr-FR\",\"potentialAction\":[{\"@type\":\"ReadAction\",\"target\":[\"https:\/\/softlights.com\/fr\/eclairage-sur-mesure\/\"]}]}]}<\/script>\n<!-- \/ Yoast SEO plugin. -->","_links":{"self":[{"href":"https:\/\/softlights.com\/fr\/wp-json\/wp\/v2\/pages\/96","targetHints":{"allow":["GET"]}}],"collection":[{"href":"https:\/\/softlights.com\/fr\/wp-json\/wp\/v2\/pages"}],"about":[{"href":"https:\/\/softlights.com\/fr\/wp-json\/wp\/v2\/types\/page"}],"author":[{"embeddable":true,"href":"https:\/\/softlights.com\/fr\/wp-json\/wp\/v2\/users\/1"}],"replies":[{"embeddable":true,"href":"https:\/\/softlights.com\/fr\/wp-json\/wp\/v2\/comments?post=96"}],"version-history":[{"count":31,"href":"https:\/\/softlights.com\/fr\/wp-json\/wp\/v2\/pages\/96\/revisions"}],"predecessor-version":[{"id":2059,"href":"https:\/\/softlights.com\/fr\/wp-json\/wp\/v2\/pages\/96\/revisions\/2059"}],"wp:featuredmedia":[{"embeddable":true,"href":"https:\/\/softlights.com\/fr\/wp-json\/wp\/v2\/media\/1169"}],"wp:attachment":[{"href":"https:\/\/softlights.com\/fr\/wp-json\/wp\/v2\/media?parent=96"}],"curies":[{"name":"wp","href":"https:\/\/api.w.org\/{rel}","templated":true}]}}